{"id":2459,"date":"2021-11-26T15:42:54","date_gmt":"2021-11-26T14:42:54","guid":{"rendered":"https:\/\/spas-s.ch\/formation\/"},"modified":"2021-12-16T23:09:00","modified_gmt":"2021-12-16T22:09:00","slug":"formation","status":"publish","type":"page","link":"https:\/\/spas-s.ch\/fr\/formation\/","title":{"rendered":"Formation"},"content":{"rendered":"\n<h1>\n\t\tFormation d&rsquo;instructeur\u00b7trices\n\t<\/h1>\n\t\t\t<a href=\"Agenda\" target=\"_self\" rel=\"noopener\">\n\t\t\t\t\t\t\t\tAgenda\t\t\t\t\t\t\t\n\t\t\t\t\t\t<\/a>\n\t\t<h2>\n\t\tDans quelle discipline sportive souhaitez-vous suivre une formation? \n\t<\/h2>\n\t<a href=\"https:\/\/spas-s.ch\/fr\/nordic-walking\/\" target=\"_self\" rel=\"noopener\"><\/a> \n\t\t\t\t<img decoding=\"async\" src=\"https:\/\/spas-s.ch\/wp-content\/uploads\/bb-plugin\/cache\/Teaser_Nordic_Walking-1-circle.jpg\" alt=\"Spas-s Fachrichtungen Nordic Walking\" title=\"Spas Fachrichtung Nordic Walking\" itemprop=\"image\"\/>\n\t\t<h2>Nordic Walking<\/h2>\t\t\t\n\t<a href=\"https:\/\/spas-s.ch\/fr\/ski-de-fond-2\/\" target=\"_self\" rel=\"noopener\"><\/a> \n\t\t\t\t<img decoding=\"async\" src=\"https:\/\/spas-s.ch\/wp-content\/uploads\/bb-plugin\/cache\/Langlauf-2-circle.jpg\" alt=\"Spas-s Langlauf\" title=\"Spas-s Langlauf\" itemprop=\"image\"\/>\n\t\t<h2>Ski de fond<\/h2>\t\t\t\n\t<a href=\"https:\/\/spas-s.ch\/fr\/course-a-pied\/\" target=\"_self\" rel=\"noopener\"><\/a> \n\t\t\t\t<img decoding=\"async\" src=\"https:\/\/spas-s.ch\/wp-content\/uploads\/bb-plugin\/cache\/Running_def-6-circle.jpg\" alt=\"Spas-s Running\" title=\"Spas-s Running\" itemprop=\"image\"\/>\n\t\t<h2>Course \u00e0 pied<\/h2>\t\t\t\n\t<a href=\"https:\/\/spas-s.ch\/fr\/cyclisme\/\" target=\"_self\" rel=\"noopener\"><\/a> \n\t\t\t\t<img decoding=\"async\" src=\"https:\/\/spas-s.ch\/wp-content\/uploads\/bb-plugin\/cache\/Radsport-22-circle.jpg\" alt=\"Spas-s Radsport\" title=\"Spas-s Radsport\" itemprop=\"image\"\/>\n\t\t<h2>Cyclisme<\/h2>\t\t\t\n<h2>\n\t\tVous recherchez des formations pratiques qui vous permettent de progresser?\n\t<\/h2>\n\t<p>Alors vous \u00eates \u00e0 la bonne adresse. Apprenez tout ce dont vous avez besoin pour animer vos propres cours de mani\u00e8re comp\u00e9tente aupr\u00e8s d&rsquo;expert\u00b7es pratiques exp\u00e9riment\u00e9s . Un investissement qui vous fera bouger et progresser, vous personnellement et vos participants.<\/p>\n\t\t\t<h3>Sportifs amateurs<\/h3>\t\t\t\n\t\t\t\t<p>Vous avez plaisir \u00e0 motiver les gens pour votre passion et souhaitez proposer des cours en tant qu&rsquo;instructeur\u00b7trice \u00e0 l&rsquo;avenir?<\/p>\n\t\t\t<h3>Th\u00e9rapeutes<\/h3>\t\t\t\n\t\t\t\t<p>Vous exercez une activit\u00e9 th\u00e9rapeutique et souhaitez \u00e9largir votre offre?<\/p>\n\t\t\t<h3>\u00c9tudiant\u00b7es<\/h3>\t\t\t\n\t\t\t\t<p>Vous \u00eates \u00e9tudiant\u00b7e en sant\u00e9 et vous attachez de l&rsquo;importance \u00e0 la formation pratique?<\/p>\n\t\t\t<h3>Charg\u00e9\u00b7e de pr\u00e9vention<\/h3>\t\t\t\n\t\t\t\t<p>Vous \u00eates responsable de la promotion de la sant\u00e9 des collaborateurs dans votre entreprise?<\/p>\n\t\t\t<h3>Personnes en reconversion professionnelle<\/h3>\t\t\t\n\t\t\t\t<p>Vous aspirez \u00e0 une carri\u00e8re dans le domaine du sport et de la sant\u00e9 par le biais d&rsquo;une deuxi\u00e8me formation ou vous souhaitez vous constituer une deuxi\u00e8me source de revenus? <\/p>\n\t\t\t<h3>Coach<\/h3>\t\t\t\n\t\t\t\t<p>En tant que coach personnel, vous souhaitez \u00e9largir votre champ d&rsquo;activit\u00e9 et vous adresser \u00e0 davantage de clients?<\/p>\n\t\t\t<h3>Professionnels<\/h3>\t\t\t\n\t\t\t\t<p>Vous travaillez dans le domaine de la sant\u00e9 et souhaitez obtenir une qualification suppl\u00e9mentaire pertinente?<\/p>\n\t\t\t<h3>Entrepreneurs<\/h3>\t\t\t\n\t\t\t\t<p>En tant qu&rsquo;entrepreneur, vous recherchez un partenaire de formation qui propose des solutions individuelles pour votre \u00e9quipe ou vos clients?<\/p>\n<h2>\n\t\tParlons de votre projet. \n\t<\/h2>\n\t\t\t<a href=\"https:\/\/spas-s.ch\/fr\/contact\/\" target=\"_self\" rel=\"noopener\">\n\t\t\t\t\t\t\t\tContact\t\t\t\t\t\t\t\n\t\t\t\t\t\t<\/a>\n\t\t<h2>\n\t\tSPAS<sup>\u24c8<\/sup> &#8211; Un partenaire de formation avec une valeur ajout\u00e9e globale.\n\t<\/h2>\n\tSi vous vous posez la question de suivre une formation d&rsquo;instructeur\u00b7trices, d&rsquo;autres questions surgissent tr\u00e8s vite.<br \/>\nComment obtenir des clients? Que dois-je faire exactement? Comment devenir un coach actif? Quand et comment vais-je me pr\u00e9senter? Beaucoup de questions que vous vous posez aussi.\n<p>Pour r\u00e9ussir en tant que coach, il faut beaucoup de choses. Et c&rsquo;est pr\u00e9cis\u00e9ment tout ce qu&rsquo;il faut pour un enseignement r\u00e9ussi, satisfaisant et \u00e9panouissant que nous vous proposons en tant que votre partenaire de formation.<\/p>\n\t\t<h3>Comp\u00e9tence professionnelle en sport <\/h3>\t\t\n\t\t\t<p>Vaste expertise et longue exp\u00e9rience dans diff\u00e9rentes disciplines sportives.<\/p>\n\t\t<h3>Comp\u00e9tence professionnelle Formation <\/h3>\t\t\n\t\t\t<p>Plus de 30 ans d&rsquo;exp\u00e9rience professionnelle dans la formation des personnes.<\/p>\n\t\t<h3>Comp\u00e9tence professionnelle Coaching<\/h3>\t\t\n\t\t\t<p>En plus des formations, nous accompagnons les personnes sur leur chemin vers le succ\u00e8s en tant que coach gr\u00e2ce \u00e0 nos coachings.<\/p>\n\t\t<h3>Une longue exp\u00e9rience<\/h3>\t\t\n\t\t\t<p>Nous avons plus de 30 ans d&rsquo;exp\u00e9rience dans le domaine du sport ainsi que dans l&rsquo;enseignement \u00e0 des groupes et le coaching de personnes individuelles.<\/p>\n\t\t<h3>Orient\u00e9 vers la pratique<\/h3>\t\t\n\t\t\t<p>Toutes nos formations et tous nos coachings sont ax\u00e9s sur la pratique. Vos nouvelles exp\u00e9riences et ce que vous avez appris peuvent \u00eatre mis tel quel en pratique.<\/p>\n\t\t<h3>Une vaste expertise<\/h3>\t\t\n\t\t\t<p>Nous disposons de vastes connaissances dans les disciplines sportives sp\u00e9cifiques, les th\u00e8mes transversaux au-del\u00e0 du sport ainsi que dans le domaine du coaching.<\/p>\n\t\t<h3>Comp\u00e9tence entrepreneuriale<\/h3>\t\t\n\t\t\t<p>Depuis 18 ans, nous sommes nous-m\u00eames sur le march\u00e9 avec diff\u00e9rentes activit\u00e9s sportives et vitales avec notre propre entreprise. Nous soutenons \u00e9galement les futurs coachs dans ce domaine.<\/p>\n\t\t<h3>Enseignement en petits groupes<\/h3>\t\t\n\t\t\t<p>Les besoins et les pr\u00e9occupations de nos clients sont au c\u0153ur de nos pr\u00e9occupations. Afin de pouvoir y r\u00e9pondre de mani\u00e8re exhaustive, nous proposons nos formations en petits groupes.<\/p>\n\t\t<h3>Une approche globale<\/h3>\t\t\n\t\t\t<p>L&rsquo;individualit\u00e9 de l&rsquo;\u00eatre humain marque notre action. Nous aidons les personnes \u00e0 reconna\u00eetre et \u00e0 utiliser leurs propres ressources en d\u00e9veloppant leur individualit\u00e9.<\/p>\n<h2>\n\t\tDates des prochaines formations?\n\t<\/h2>\n\t\t\t<a href=\"https:\/\/spas-s.ch\/fr\/agenda\/\" target=\"_self\" rel=\"noopener\">\n\t\t\t\t\t\t\t\tAgenda\t\t\t\t\t\t\t\n\t\t\t\t\t\t<\/a>\n\t\t<h2>\n\t\tOrganisations partenaires\n\t<\/h2>\n\t\t\t\t<a href=\"https:\/\/www.erwachsenen-sport.ch\/fr\/home.html\" target=\"_blank\" rel=\"noopener\" itemprop=\"url\">\n\t\t\t\t<img decoding=\"async\" src=\"https:\/\/spas-s.ch\/wp-content\/uploads\/large_esa_logo.png\" alt=\"Logo esa\" title=\"Logo esa\" itemprop=\"image\"  \/>\n\t\t\t\t\t\t<\/a>\n\t\t\t\t<a href=\"https:\/\/www.mefit.ch\/\" target=\"_blank\" rel=\"noopener\" itemprop=\"url\">\n\t\t\t\t<img decoding=\"async\" src=\"https:\/\/spas-s.ch\/wp-content\/uploads\/\/Logo_EMfit_defx-300x90.png\" alt=\"Logo_EMfit\" title=\"Logo_EMfit\" itemprop=\"image\"  \/>\n\t\t\t\t\t\t<\/a>\n\n","protected":false},"excerpt":{"rendered":"<p>Formation d&rsquo;instructeur\u00b7trices Agenda Dans quelle discipline sportive souhaitez-vous suivre une formation? Nordic Walking Ski de fond Course \u00e0 pied Cyclisme Vous recherchez des formations pratiques qui vous permettent de progresser?&hellip;<\/p>\n","protected":false},"author":1,"featured_media":0,"parent":0,"menu_order":0,"comment_status":"closed","ping_status":"closed","template":"","meta":{"footnotes":""},"class_list":["post-2459","page","type-page","status-publish","hentry"],"yoast_head":"<!-- This site is optimized with the Yoast SEO plugin v26.6 - https:\/\/yoast.com\/wordpress\/plugins\/seo\/ -->\n<title>SPAS\u24c8 | Formation d\u2019instructeur\u2022trices<\/title>\n<meta name=\"description\" content=\"SPAS\u24c8 - Un partenaire de formation avec une valeur ajout\u00e9e globale pour votre formation d&#039;instructeur\u00b7trices en nordic walking, ski de fond, course \u00e0 pied et cyclisme.\" \/>\n<meta name=\"robots\" content=\"index, follow, max-snippet:-1, max-image-preview:large, max-video-preview:-1\" \/>\n<link rel=\"canonical\" href=\"https:\/\/spas-s.ch\/fr\/formation\/\" \/>\n<meta property=\"og:locale\" content=\"fr_FR\" \/>\n<meta property=\"og:type\" content=\"article\" \/>\n<meta property=\"og:title\" content=\"SPAS\u24c8 | Formation d\u2019instructeur\u2022trices\" \/>\n<meta property=\"og:description\" content=\"SPAS\u24c8 - Un partenaire de formation avec une valeur ajout\u00e9e globale pour votre formation d&#039;instructeur\u00b7trices en nordic walking, ski de fond, course \u00e0 pied et cyclisme.\" \/>\n<meta property=\"og:url\" content=\"https:\/\/spas-s.ch\/fr\/formation\/\" \/>\n<meta property=\"og:site_name\" content=\"SPAS-S Sport und Pr\u00e4vention Ausbildung Schweiz\" \/>\n<meta property=\"article:modified_time\" content=\"2021-12-16T22:09:00+00:00\" \/>\n<meta property=\"og:image\" content=\"https:\/\/spas-s.ch\/wp-content\/uploads\/bb-plugin\/cache\/Teaser_Nordic_Walking-1-circle.jpg\" \/>\n<meta name=\"twitter:card\" content=\"summary_large_image\" \/>\n<meta name=\"twitter:label1\" content=\"Dur\u00e9e de lecture estim\u00e9e\" \/>\n\t<meta name=\"twitter:data1\" content=\"3 minutes\" \/>\n<script type=\"application\/ld+json\" class=\"yoast-schema-graph\">{\"@context\":\"https:\/\/schema.org\",\"@graph\":[{\"@type\":\"WebPage\",\"@id\":\"https:\/\/spas-s.ch\/fr\/formation\/\",\"url\":\"https:\/\/spas-s.ch\/fr\/formation\/\",\"name\":\"SPAS\u24c8 | Formation d\u2019instructeur\u2022trices\",\"isPartOf\":{\"@id\":\"https:\/\/spas-s.ch\/fr\/#website\"},\"primaryImageOfPage\":{\"@id\":\"https:\/\/spas-s.ch\/fr\/formation\/#primaryimage\"},\"image\":{\"@id\":\"https:\/\/spas-s.ch\/fr\/formation\/#primaryimage\"},\"thumbnailUrl\":\"https:\/\/spas-s.ch\/wp-content\/uploads\/bb-plugin\/cache\/Teaser_Nordic_Walking-1-circle.jpg\",\"datePublished\":\"2021-11-26T14:42:54+00:00\",\"dateModified\":\"2021-12-16T22:09:00+00:00\",\"description\":\"SPAS\u24c8 - Un partenaire de formation avec une valeur ajout\u00e9e globale pour votre formation d'instructeur\u00b7trices en nordic walking, ski de fond, course \u00e0 pied et cyclisme.\",\"breadcrumb\":{\"@id\":\"https:\/\/spas-s.ch\/fr\/formation\/#breadcrumb\"},\"inLanguage\":\"fr-FR\",\"potentialAction\":[{\"@type\":\"ReadAction\",\"target\":[\"https:\/\/spas-s.ch\/fr\/formation\/\"]}]},{\"@type\":\"ImageObject\",\"inLanguage\":\"fr-FR\",\"@id\":\"https:\/\/spas-s.ch\/fr\/formation\/#primaryimage\",\"url\":\"https:\/\/spas-s.ch\/wp-content\/uploads\/bb-plugin\/cache\/Teaser_Nordic_Walking-1-circle.jpg\",\"contentUrl\":\"https:\/\/spas-s.ch\/wp-content\/uploads\/bb-plugin\/cache\/Teaser_Nordic_Walking-1-circle.jpg\"},{\"@type\":\"BreadcrumbList\",\"@id\":\"https:\/\/spas-s.ch\/fr\/formation\/#breadcrumb\",\"itemListElement\":[{\"@type\":\"ListItem\",\"position\":1,\"name\":\"Startseite\",\"item\":\"https:\/\/spas-s.ch\/fr\/\"},{\"@type\":\"ListItem\",\"position\":2,\"name\":\"Formation\"}]},{\"@type\":\"WebSite\",\"@id\":\"https:\/\/spas-s.ch\/fr\/#website\",\"url\":\"https:\/\/spas-s.ch\/fr\/\",\"name\":\"SPAS-S Sport und Pr\u00e4vention Ausbildung Schweiz\",\"description\":\"Weil Bewegung Leben ist\",\"publisher\":{\"@id\":\"https:\/\/spas-s.ch\/fr\/#organization\"},\"potentialAction\":[{\"@type\":\"SearchAction\",\"target\":{\"@type\":\"EntryPoint\",\"urlTemplate\":\"https:\/\/spas-s.ch\/fr\/?s={search_term_string}\"},\"query-input\":{\"@type\":\"PropertyValueSpecification\",\"valueRequired\":true,\"valueName\":\"search_term_string\"}}],\"inLanguage\":\"fr-FR\"},{\"@type\":\"Organization\",\"@id\":\"https:\/\/spas-s.ch\/fr\/#organization\",\"name\":\"SPAS-S Sport und Pr\u00e4vention Ausbildung Schweiz\",\"alternateName\":\"SPAS-S\",\"url\":\"https:\/\/spas-s.ch\/fr\/\",\"logo\":{\"@type\":\"ImageObject\",\"inLanguage\":\"fr-FR\",\"@id\":\"https:\/\/spas-s.ch\/fr\/#\/schema\/logo\/image\/\",\"url\":\"https:\/\/spas-s.ch\/wp-content\/uploads\/SPAS-s_Logo_DE.png\",\"contentUrl\":\"https:\/\/spas-s.ch\/wp-content\/uploads\/SPAS-s_Logo_DE.png\",\"width\":144,\"height\":204,\"caption\":\"SPAS-S Sport und Pr\u00e4vention Ausbildung Schweiz\"},\"image\":{\"@id\":\"https:\/\/spas-s.ch\/fr\/#\/schema\/logo\/image\/\"}}]}<\/script>\n<!-- \/ Yoast SEO plugin. -->","yoast_head_json":{"title":"SPAS\u24c8 | Formation d\u2019instructeur\u2022trices","description":"SPAS\u24c8 - Un partenaire de formation avec une valeur ajout\u00e9e globale pour votre formation d'instructeur\u00b7trices en nordic walking, ski de fond, course \u00e0 pied et cyclisme.","robots":{"index":"index","follow":"follow","max-snippet":"max-snippet:-1","max-image-preview":"max-image-preview:large","max-video-preview":"max-video-preview:-1"},"canonical":"https:\/\/spas-s.ch\/fr\/formation\/","og_locale":"fr_FR","og_type":"article","og_title":"SPAS\u24c8 | Formation d\u2019instructeur\u2022trices","og_description":"SPAS\u24c8 - Un partenaire de formation avec une valeur ajout\u00e9e globale pour votre formation d'instructeur\u00b7trices en nordic walking, ski de fond, course \u00e0 pied et cyclisme.","og_url":"https:\/\/spas-s.ch\/fr\/formation\/","og_site_name":"SPAS-S Sport und Pr\u00e4vention Ausbildung Schweiz","article_modified_time":"2021-12-16T22:09:00+00:00","og_image":[{"url":"https:\/\/spas-s.ch\/wp-content\/uploads\/bb-plugin\/cache\/Teaser_Nordic_Walking-1-circle.jpg","type":"","width":"","height":""}],"twitter_card":"summary_large_image","twitter_misc":{"Dur\u00e9e de lecture estim\u00e9e":"3 minutes"},"schema":{"@context":"https:\/\/schema.org","@graph":[{"@type":"WebPage","@id":"https:\/\/spas-s.ch\/fr\/formation\/","url":"https:\/\/spas-s.ch\/fr\/formation\/","name":"SPAS\u24c8 | Formation d\u2019instructeur\u2022trices","isPartOf":{"@id":"https:\/\/spas-s.ch\/fr\/#website"},"primaryImageOfPage":{"@id":"https:\/\/spas-s.ch\/fr\/formation\/#primaryimage"},"image":{"@id":"https:\/\/spas-s.ch\/fr\/formation\/#primaryimage"},"thumbnailUrl":"https:\/\/spas-s.ch\/wp-content\/uploads\/bb-plugin\/cache\/Teaser_Nordic_Walking-1-circle.jpg","datePublished":"2021-11-26T14:42:54+00:00","dateModified":"2021-12-16T22:09:00+00:00","description":"SPAS\u24c8 - Un partenaire de formation avec une valeur ajout\u00e9e globale pour votre formation d'instructeur\u00b7trices en nordic walking, ski de fond, course \u00e0 pied et cyclisme.","breadcrumb":{"@id":"https:\/\/spas-s.ch\/fr\/formation\/#breadcrumb"},"inLanguage":"fr-FR","potentialAction":[{"@type":"ReadAction","target":["https:\/\/spas-s.ch\/fr\/formation\/"]}]},{"@type":"ImageObject","inLanguage":"fr-FR","@id":"https:\/\/spas-s.ch\/fr\/formation\/#primaryimage","url":"https:\/\/spas-s.ch\/wp-content\/uploads\/bb-plugin\/cache\/Teaser_Nordic_Walking-1-circle.jpg","contentUrl":"https:\/\/spas-s.ch\/wp-content\/uploads\/bb-plugin\/cache\/Teaser_Nordic_Walking-1-circle.jpg"},{"@type":"BreadcrumbList","@id":"https:\/\/spas-s.ch\/fr\/formation\/#breadcrumb","itemListElement":[{"@type":"ListItem","position":1,"name":"Startseite","item":"https:\/\/spas-s.ch\/fr\/"},{"@type":"ListItem","position":2,"name":"Formation"}]},{"@type":"WebSite","@id":"https:\/\/spas-s.ch\/fr\/#website","url":"https:\/\/spas-s.ch\/fr\/","name":"SPAS-S Sport und Pr\u00e4vention Ausbildung Schweiz","description":"Weil Bewegung Leben ist","publisher":{"@id":"https:\/\/spas-s.ch\/fr\/#organization"},"potentialAction":[{"@type":"SearchAction","target":{"@type":"EntryPoint","urlTemplate":"https:\/\/spas-s.ch\/fr\/?s={search_term_string}"},"query-input":{"@type":"PropertyValueSpecification","valueRequired":true,"valueName":"search_term_string"}}],"inLanguage":"fr-FR"},{"@type":"Organization","@id":"https:\/\/spas-s.ch\/fr\/#organization","name":"SPAS-S Sport und Pr\u00e4vention Ausbildung Schweiz","alternateName":"SPAS-S","url":"https:\/\/spas-s.ch\/fr\/","logo":{"@type":"ImageObject","inLanguage":"fr-FR","@id":"https:\/\/spas-s.ch\/fr\/#\/schema\/logo\/image\/","url":"https:\/\/spas-s.ch\/wp-content\/uploads\/SPAS-s_Logo_DE.png","contentUrl":"https:\/\/spas-s.ch\/wp-content\/uploads\/SPAS-s_Logo_DE.png","width":144,"height":204,"caption":"SPAS-S Sport und Pr\u00e4vention Ausbildung Schweiz"},"image":{"@id":"https:\/\/spas-s.ch\/fr\/#\/schema\/logo\/image\/"}}]}},"_links":{"self":[{"href":"https:\/\/spas-s.ch\/fr\/wp-json\/wp\/v2\/pages\/2459","targetHints":{"allow":["GET"]}}],"collection":[{"href":"https:\/\/spas-s.ch\/fr\/wp-json\/wp\/v2\/pages"}],"about":[{"href":"https:\/\/spas-s.ch\/fr\/wp-json\/wp\/v2\/types\/page"}],"author":[{"embeddable":true,"href":"https:\/\/spas-s.ch\/fr\/wp-json\/wp\/v2\/users\/1"}],"replies":[{"embeddable":true,"href":"https:\/\/spas-s.ch\/fr\/wp-json\/wp\/v2\/comments?post=2459"}],"version-history":[{"count":2,"href":"https:\/\/spas-s.ch\/fr\/wp-json\/wp\/v2\/pages\/2459\/revisions"}],"predecessor-version":[{"id":2745,"href":"https:\/\/spas-s.ch\/fr\/wp-json\/wp\/v2\/pages\/2459\/revisions\/2745"}],"wp:attachment":[{"href":"https:\/\/spas-s.ch\/fr\/wp-json\/wp\/v2\/media?parent=2459"}],"curies":[{"name":"wp","href":"https:\/\/api.w.org\/{rel}","templated":true}]}}