{"id":2462,"date":"2021-11-26T16:21:53","date_gmt":"2021-11-26T15:21:53","guid":{"rendered":"https:\/\/spas-s.ch\/contact\/"},"modified":"2022-02-04T17:38:20","modified_gmt":"2022-02-04T16:38:20","slug":"contact","status":"publish","type":"page","link":"https:\/\/spas-s.ch\/fr\/contact\/","title":{"rendered":"Contact"},"content":{"rendered":"\n<h2>\n\t\tQuel que soit le mode de contact que vous pr\u00e9f\u00e9rez\n\t<\/h2>\n<h1>\n\t\tNous nous r\u00e9jouissons de vous rencontrer\n\t<\/h1>\n\t\t<h2>Adresse<\/h2>\t\t\t\n\t\t\t\t<p>SPAS<sup>\u24c8 <\/sup>by TOSCATOURS.CH GmbH<br \/>CH-4494 Oltingen<\/p>\n\t\t<h2>Email<\/h2>\t\t\t\n\t\t\t\t<p><a href=\"mailto:sekretariat@spas-s.ch\">sekretariat@spas-s.ch<\/a><\/p>\n\t\t<h2>T\u00e9l\u00e9phone<\/h2>\t\t\t\n\t\t\t\t<p>+41 79 622 22 77<\/p>\n\t<a href=\"https:\/\/www.facebook.com\/SPAS-S-100461765794731\" target=\"_blank\" rel=\"noopener\"><\/a> \n\t\t<h2>Suivez-nous<\/h2>\t\t\t\n<h1>\n\t\tContactez-nous\n\t<\/h1>\n\t<div class=\"wpforms-container wpforms-container-full\" id=\"wpforms-2463\"><form id=\"wpforms-form-2463\" class=\"wpforms-validate wpforms-form wpforms-ajax-form\" data-formid=\"2463\" method=\"post\" enctype=\"multipart\/form-data\" action=\"\/fr\/wp-json\/wp\/v2\/pages\/2462\" data-token=\"e43c3a84d37704037fca2d2400b17b89\" data-token-time=\"1776395762\"><noscript class=\"wpforms-error-noscript\">Veuillez activer JavaScript dans votre navigateur pour remplir ce formulaire.<\/noscript><div class=\"wpforms-field-container\"><div id=\"wpforms-2463-field_4-container\" class=\"wpforms-field wpforms-field-text\" data-field-id=\"4\"><label class=\"wpforms-field-label\" for=\"wpforms-2463-field_4\">Pr\u00e9nom<\/label><input type=\"text\" id=\"wpforms-2463-field_4\" class=\"wpforms-field-large\" name=\"wpforms[fields][4]\" placeholder=\"Pr\u00e9nom\" ><\/div><div id=\"wpforms-2463-field_5-container\" class=\"wpforms-field wpforms-field-text\" data-field-id=\"5\"><label class=\"wpforms-field-label\" for=\"wpforms-2463-field_5\">Nom de famille<\/label><input type=\"text\" id=\"wpforms-2463-field_5\" class=\"wpforms-field-large\" name=\"wpforms[fields][5]\" placeholder=\"Nom de famille\" ><\/div><div id=\"wpforms-2463-field_3-container\" class=\"wpforms-field wpforms-field-text\" data-field-id=\"3\"><label class=\"wpforms-field-label\" for=\"wpforms-2463-field_3\">Sujet<\/label><input type=\"text\" id=\"wpforms-2463-field_3\" class=\"wpforms-field-large\" name=\"wpforms[fields][3]\" placeholder=\"Sujet\" ><\/div><div id=\"wpforms-2463-field_1-container\" class=\"wpforms-field wpforms-field-email\" data-field-id=\"1\"><label class=\"wpforms-field-label\" for=\"wpforms-2463-field_1\">Email <span class=\"wpforms-required-label\">*<\/span><\/label><input type=\"email\" id=\"wpforms-2463-field_1\" class=\"wpforms-field-large wpforms-field-required\" name=\"wpforms[fields][1]\" placeholder=\"Email\" spellcheck=\"false\" required><\/div><div id=\"wpforms-2463-field_7-container\" class=\"wpforms-field wpforms-field-text\" data-field-id=\"7\"><label class=\"wpforms-field-label\" for=\"wpforms-2463-field_7\">T\u00e9l\u00e9phone<\/label><input type=\"text\" id=\"wpforms-2463-field_7\" class=\"wpforms-field-large\" name=\"wpforms[fields][7]\" placeholder=\"T\u00e9l\u00e9phone\" ><div class=\"wpforms-field-description\">+41 79 123 45 67<\/div><\/div><div id=\"wpforms-2463-field_2-container\" class=\"wpforms-field wpforms-field-textarea\" data-field-id=\"2\"><label class=\"wpforms-field-label\" for=\"wpforms-2463-field_2\">Votre message <span class=\"wpforms-required-label\">*<\/span><\/label><textarea id=\"wpforms-2463-field_2\" class=\"wpforms-field-large wpforms-field-required\" name=\"wpforms[fields][2]\" placeholder=\"Votre message\" required><\/textarea><\/div><div id=\"wpforms-2463-field_6-container\" class=\"wpforms-field wpforms-field-checkbox\" data-field-id=\"6\"><label class=\"wpforms-field-label\">Souhaitez-vous vous abonner \u00e0 notre newsletter ?<\/label><ul id=\"wpforms-2463-field_6\"><li class=\"choice-1 depth-1\"><input type=\"checkbox\" id=\"wpforms-2463-field_6_1\" name=\"wpforms[fields][6][]\" value=\"Oui, volontiers.\"  ><label class=\"wpforms-field-label-inline\" for=\"wpforms-2463-field_6_1\">Oui, volontiers.<\/label><\/li><li class=\"choice-2 depth-1\"><input type=\"checkbox\" id=\"wpforms-2463-field_6_2\" name=\"wpforms[fields][6][]\" value=\"Non, merci.\"  ><label class=\"wpforms-field-label-inline\" for=\"wpforms-2463-field_6_2\">Non, merci.<\/label><\/li><\/ul><\/div><\/div><!-- .wpforms-field-container --><div class=\"wpforms-recaptcha-container wpforms-is-recaptcha wpforms-is-recaptcha-type-v2\" ><div class=\"g-recaptcha\" data-sitekey=\"6LcCcD4dAAAAAJf9ZhLljicF6ZcTV9BsUrSvi1T4\"><\/div><input type=\"text\" name=\"g-recaptcha-hidden\" class=\"wpforms-recaptcha-hidden\" style=\"position:absolute!important;clip:rect(0,0,0,0)!important;height:1px!important;width:1px!important;border:0!important;overflow:hidden!important;padding:0!important;margin:0!important;\" data-rule-recaptcha=\"1\"><\/div><div class=\"wpforms-submit-container\" ><input type=\"hidden\" name=\"wpforms[id]\" value=\"2463\"><input type=\"hidden\" name=\"page_title\" value=\"\"><input type=\"hidden\" name=\"page_url\" value=\"https:\/\/spas-s.ch\/fr\/wp-json\/wp\/v2\/pages\/2462\"><input type=\"hidden\" name=\"url_referer\" value=\"\"><button type=\"submit\" name=\"wpforms[submit]\" id=\"wpforms-submit-2463\" class=\"wpforms-submit\" data-alt-text=\"Message en cours d&#039;envoi\" data-submit-text=\"Envoyer ce message\" aria-live=\"assertive\" value=\"wpforms-submit\">Envoyer ce message<\/button><img loading=\"lazy\" decoding=\"async\" src=\"https:\/\/spas-s.ch\/wp-content\/plugins\/wpforms-lite\/assets\/images\/submit-spin.svg\" class=\"wpforms-submit-spinner\" style=\"display: none;\" width=\"26\" height=\"26\" alt=\"Chargement en cours\"><\/div><\/form><\/div>  <!-- .wpforms-container -->\n\n","protected":false},"excerpt":{"rendered":"<p>Quel que soit le mode de contact que vous pr\u00e9f\u00e9rez Nous nous r\u00e9jouissons de vous rencontrer Adresse SPAS\u24c8 by TOSCATOURS.CH GmbHCH-4494 Oltingen Email sekretariat@spas-s.ch T\u00e9l\u00e9phone +41 79 622 22 77&hellip;<\/p>\n","protected":false},"author":1,"featured_media":0,"parent":0,"menu_order":0,"comment_status":"closed","ping_status":"closed","template":"","meta":{"footnotes":""},"class_list":["post-2462","page","type-page","status-publish","hentry"],"yoast_head":"<!-- This site is optimized with the Yoast SEO plugin v26.6 - https:\/\/yoast.com\/wordpress\/plugins\/seo\/ -->\n<title>Contact | SPAS\u24c8 Sport et Pr\u00e9vention Formation Suisse<\/title>\n<meta name=\"description\" content=\"Que ce soit par mail, personnellement au t\u00e9l\u00e9phone ou via le formulaire de contact. Quel que soit le mode de contact que vous pr\u00e9f\u00e9rez. Nous nous r\u00e9jouissons de vous rencontrer.\" \/>\n<meta name=\"robots\" content=\"index, follow, max-snippet:-1, max-image-preview:large, max-video-preview:-1\" \/>\n<link rel=\"canonical\" href=\"https:\/\/spas-s.ch\/fr\/contact\/\" \/>\n<meta property=\"og:locale\" content=\"fr_FR\" \/>\n<meta property=\"og:type\" content=\"article\" \/>\n<meta property=\"og:title\" content=\"Contact | SPAS\u24c8 Sport et Pr\u00e9vention Formation Suisse\" \/>\n<meta property=\"og:description\" content=\"Que ce soit par mail, personnellement au t\u00e9l\u00e9phone ou via le formulaire de contact. Quel que soit le mode de contact que vous pr\u00e9f\u00e9rez. Nous nous r\u00e9jouissons de vous rencontrer.\" \/>\n<meta property=\"og:url\" content=\"https:\/\/spas-s.ch\/fr\/contact\/\" \/>\n<meta property=\"og:site_name\" content=\"SPAS-S Sport und Pr\u00e4vention Ausbildung Schweiz\" \/>\n<meta property=\"article:modified_time\" content=\"2022-02-04T16:38:20+00:00\" \/>\n<meta name=\"twitter:card\" content=\"summary_large_image\" \/>\n<script type=\"application\/ld+json\" class=\"yoast-schema-graph\">{\"@context\":\"https:\/\/schema.org\",\"@graph\":[{\"@type\":\"WebPage\",\"@id\":\"https:\/\/spas-s.ch\/fr\/contact\/\",\"url\":\"https:\/\/spas-s.ch\/fr\/contact\/\",\"name\":\"Contact | SPAS\u24c8 Sport et Pr\u00e9vention Formation Suisse\",\"isPartOf\":{\"@id\":\"https:\/\/spas-s.ch\/fr\/#website\"},\"datePublished\":\"2021-11-26T15:21:53+00:00\",\"dateModified\":\"2022-02-04T16:38:20+00:00\",\"description\":\"Que ce soit par mail, personnellement au t\u00e9l\u00e9phone ou via le formulaire de contact. Quel que soit le mode de contact que vous pr\u00e9f\u00e9rez. Nous nous r\u00e9jouissons de vous rencontrer.\",\"breadcrumb\":{\"@id\":\"https:\/\/spas-s.ch\/fr\/contact\/#breadcrumb\"},\"inLanguage\":\"fr-FR\",\"potentialAction\":[{\"@type\":\"ReadAction\",\"target\":[\"https:\/\/spas-s.ch\/fr\/contact\/\"]}]},{\"@type\":\"BreadcrumbList\",\"@id\":\"https:\/\/spas-s.ch\/fr\/contact\/#breadcrumb\",\"itemListElement\":[{\"@type\":\"ListItem\",\"position\":1,\"name\":\"Startseite\",\"item\":\"https:\/\/spas-s.ch\/fr\/\"},{\"@type\":\"ListItem\",\"position\":2,\"name\":\"Contact\"}]},{\"@type\":\"WebSite\",\"@id\":\"https:\/\/spas-s.ch\/fr\/#website\",\"url\":\"https:\/\/spas-s.ch\/fr\/\",\"name\":\"SPAS-S Sport und Pr\u00e4vention Ausbildung Schweiz\",\"description\":\"Weil Bewegung Leben ist\",\"publisher\":{\"@id\":\"https:\/\/spas-s.ch\/fr\/#organization\"},\"potentialAction\":[{\"@type\":\"SearchAction\",\"target\":{\"@type\":\"EntryPoint\",\"urlTemplate\":\"https:\/\/spas-s.ch\/fr\/?s={search_term_string}\"},\"query-input\":{\"@type\":\"PropertyValueSpecification\",\"valueRequired\":true,\"valueName\":\"search_term_string\"}}],\"inLanguage\":\"fr-FR\"},{\"@type\":\"Organization\",\"@id\":\"https:\/\/spas-s.ch\/fr\/#organization\",\"name\":\"SPAS-S Sport und Pr\u00e4vention Ausbildung Schweiz\",\"alternateName\":\"SPAS-S\",\"url\":\"https:\/\/spas-s.ch\/fr\/\",\"logo\":{\"@type\":\"ImageObject\",\"inLanguage\":\"fr-FR\",\"@id\":\"https:\/\/spas-s.ch\/fr\/#\/schema\/logo\/image\/\",\"url\":\"https:\/\/spas-s.ch\/wp-content\/uploads\/SPAS-s_Logo_DE.png\",\"contentUrl\":\"https:\/\/spas-s.ch\/wp-content\/uploads\/SPAS-s_Logo_DE.png\",\"width\":144,\"height\":204,\"caption\":\"SPAS-S Sport und Pr\u00e4vention Ausbildung Schweiz\"},\"image\":{\"@id\":\"https:\/\/spas-s.ch\/fr\/#\/schema\/logo\/image\/\"}}]}<\/script>\n<!-- \/ Yoast SEO plugin. -->","yoast_head_json":{"title":"Contact | SPAS\u24c8 Sport et Pr\u00e9vention Formation Suisse","description":"Que ce soit par mail, personnellement au t\u00e9l\u00e9phone ou via le formulaire de contact. Quel que soit le mode de contact que vous pr\u00e9f\u00e9rez. Nous nous r\u00e9jouissons de vous rencontrer.","robots":{"index":"index","follow":"follow","max-snippet":"max-snippet:-1","max-image-preview":"max-image-preview:large","max-video-preview":"max-video-preview:-1"},"canonical":"https:\/\/spas-s.ch\/fr\/contact\/","og_locale":"fr_FR","og_type":"article","og_title":"Contact | SPAS\u24c8 Sport et Pr\u00e9vention Formation Suisse","og_description":"Que ce soit par mail, personnellement au t\u00e9l\u00e9phone ou via le formulaire de contact. Quel que soit le mode de contact que vous pr\u00e9f\u00e9rez. Nous nous r\u00e9jouissons de vous rencontrer.","og_url":"https:\/\/spas-s.ch\/fr\/contact\/","og_site_name":"SPAS-S Sport und Pr\u00e4vention Ausbildung Schweiz","article_modified_time":"2022-02-04T16:38:20+00:00","twitter_card":"summary_large_image","schema":{"@context":"https:\/\/schema.org","@graph":[{"@type":"WebPage","@id":"https:\/\/spas-s.ch\/fr\/contact\/","url":"https:\/\/spas-s.ch\/fr\/contact\/","name":"Contact | SPAS\u24c8 Sport et Pr\u00e9vention Formation Suisse","isPartOf":{"@id":"https:\/\/spas-s.ch\/fr\/#website"},"datePublished":"2021-11-26T15:21:53+00:00","dateModified":"2022-02-04T16:38:20+00:00","description":"Que ce soit par mail, personnellement au t\u00e9l\u00e9phone ou via le formulaire de contact. Quel que soit le mode de contact que vous pr\u00e9f\u00e9rez. Nous nous r\u00e9jouissons de vous rencontrer.","breadcrumb":{"@id":"https:\/\/spas-s.ch\/fr\/contact\/#breadcrumb"},"inLanguage":"fr-FR","potentialAction":[{"@type":"ReadAction","target":["https:\/\/spas-s.ch\/fr\/contact\/"]}]},{"@type":"BreadcrumbList","@id":"https:\/\/spas-s.ch\/fr\/contact\/#breadcrumb","itemListElement":[{"@type":"ListItem","position":1,"name":"Startseite","item":"https:\/\/spas-s.ch\/fr\/"},{"@type":"ListItem","position":2,"name":"Contact"}]},{"@type":"WebSite","@id":"https:\/\/spas-s.ch\/fr\/#website","url":"https:\/\/spas-s.ch\/fr\/","name":"SPAS-S Sport und Pr\u00e4vention Ausbildung Schweiz","description":"Weil Bewegung Leben ist","publisher":{"@id":"https:\/\/spas-s.ch\/fr\/#organization"},"potentialAction":[{"@type":"SearchAction","target":{"@type":"EntryPoint","urlTemplate":"https:\/\/spas-s.ch\/fr\/?s={search_term_string}"},"query-input":{"@type":"PropertyValueSpecification","valueRequired":true,"valueName":"search_term_string"}}],"inLanguage":"fr-FR"},{"@type":"Organization","@id":"https:\/\/spas-s.ch\/fr\/#organization","name":"SPAS-S Sport und Pr\u00e4vention Ausbildung Schweiz","alternateName":"SPAS-S","url":"https:\/\/spas-s.ch\/fr\/","logo":{"@type":"ImageObject","inLanguage":"fr-FR","@id":"https:\/\/spas-s.ch\/fr\/#\/schema\/logo\/image\/","url":"https:\/\/spas-s.ch\/wp-content\/uploads\/SPAS-s_Logo_DE.png","contentUrl":"https:\/\/spas-s.ch\/wp-content\/uploads\/SPAS-s_Logo_DE.png","width":144,"height":204,"caption":"SPAS-S Sport und Pr\u00e4vention Ausbildung Schweiz"},"image":{"@id":"https:\/\/spas-s.ch\/fr\/#\/schema\/logo\/image\/"}}]}},"_links":{"self":[{"href":"https:\/\/spas-s.ch\/fr\/wp-json\/wp\/v2\/pages\/2462","targetHints":{"allow":["GET"]}}],"collection":[{"href":"https:\/\/spas-s.ch\/fr\/wp-json\/wp\/v2\/pages"}],"about":[{"href":"https:\/\/spas-s.ch\/fr\/wp-json\/wp\/v2\/types\/page"}],"author":[{"embeddable":true,"href":"https:\/\/spas-s.ch\/fr\/wp-json\/wp\/v2\/users\/1"}],"replies":[{"embeddable":true,"href":"https:\/\/spas-s.ch\/fr\/wp-json\/wp\/v2\/comments?post=2462"}],"version-history":[{"count":2,"href":"https:\/\/spas-s.ch\/fr\/wp-json\/wp\/v2\/pages\/2462\/revisions"}],"predecessor-version":[{"id":2828,"href":"https:\/\/spas-s.ch\/fr\/wp-json\/wp\/v2\/pages\/2462\/revisions\/2828"}],"wp:attachment":[{"href":"https:\/\/spas-s.ch\/fr\/wp-json\/wp\/v2\/media?parent=2462"}],"curies":[{"name":"wp","href":"https:\/\/api.w.org\/{rel}","templated":true}]}}