{"id":2474,"date":"2021-11-26T19:09:21","date_gmt":"2021-11-26T18:09:21","guid":{"rendered":"https:\/\/spas-s.ch\/team-sophie-berthouzoz\/"},"modified":"2023-09-14T14:03:33","modified_gmt":"2023-09-14T12:03:33","slug":"team-sophie-berthouzoz","status":"publish","type":"page","link":"https:\/\/spas-s.ch\/fr\/team-sophie-berthouzoz\/","title":{"rendered":"Team-Sophie Berthouzoz"},"content":{"rendered":"\n\n\t\t\t\t<img decoding=\"async\" src=\"https:\/\/spas-s.ch\/wp-content\/uploads\/bb-plugin\/cache\/Team-3-circle.jpg\" alt=\"Spas-s Team Sophie Berthouzoz\" title=\"Spas-s Team Sophie Berthouzoz\" itemprop=\"image\"  \/>\n<h2>\n\t\tSalut. Je suis Sophie Berthouzoz.\n\t<\/h2>\n<h2>\n\t\tQu&rsquo;est-ce qui me d\u00e9finit?\n\t<\/h2>\n\t<p>De nature dynamique, je garde une soif d&rsquo;apprendre dans les domaines qui me passionnent et j&rsquo;aime \u00e0 penser que je peux transmettre cette passion \u00e0 mon tour.<\/p>\n<p>&nbsp;<\/p>\n<h2>\n\t\tPourquoi suis-je formatrice \u00e0 SPAS<sup>\u24c8<\/sup>?\n\t<\/h2>\n\t<p>J&rsquo;ai eu la chance de pouvoir devenir formatrice aupr\u00e8s de SPAS<sup>\u24c8<\/sup> gr\u00e2ce \u00e0 mon parcours professionnel qui s&rsquo;est, \u00e0 plusieurs reprises, crois\u00e9 avec celui de Nicole. Je d\u00e9bute actuellement ce nouveau challenge dans ce monde du sport et de la pr\u00e9vention pour lequel je voue une r\u00e9elle conviction pour la bonne sant\u00e9 globale de chacun. Je me r\u00e9jouis de pouvoir transmettre ces nouvelles connaissances lors de futures formations.<\/p>\n<h2>\n\t\tCe qui me fascine dans SPAS<sup>\u24c8<\/sup>?\n\t<\/h2>\n\t<p>J&rsquo;ai rejoint le team SPAS<sup>\u24c8<\/sup> il y a quelques mois et j&rsquo;ai pu d\u00e9couvrir des personnes avec une passion commune, celle d&rsquo;enseigner de mani\u00e8re professionnelle et qualitative pour des futurs moniteurs de Nordic Walking. Chacun ave sa personnalit\u00e9 peut apporter aux participants des connaissances fond\u00e9es et un bagage solide pour enseigner, \u00e0 leur tour, avec confiance en se reposant sur un programme de qualit\u00e9.<\/p>\n\n","protected":false},"excerpt":{"rendered":"<p>Salut. Je suis Sophie Berthouzoz. Qu&rsquo;est-ce qui me d\u00e9finit? De nature dynamique, je garde une soif d&rsquo;apprendre dans les domaines qui me passionnent et j&rsquo;aime \u00e0 penser que je peux&hellip;<\/p>\n","protected":false},"author":1,"featured_media":0,"parent":0,"menu_order":0,"comment_status":"closed","ping_status":"closed","template":"","meta":{"footnotes":""},"class_list":["post-2474","page","type-page","status-publish","hentry"],"yoast_head":"<!-- This site is optimized with the Yoast SEO plugin v26.6 - https:\/\/yoast.com\/wordpress\/plugins\/seo\/ -->\n<title>SPAS\u24c8 Team-Sophie Berthouzoz | Sport et Pr\u00e9vention Formation Suisse<\/title>\n<meta name=\"description\" content=\"SPAS\u24c8 Formatrice, Experte esa - Sport des adultes Suisse\" \/>\n<meta name=\"robots\" content=\"index, follow, max-snippet:-1, max-image-preview:large, max-video-preview:-1\" \/>\n<link rel=\"canonical\" href=\"https:\/\/spas-s.ch\/fr\/team-sophie-berthouzoz\/\" \/>\n<meta property=\"og:locale\" content=\"fr_FR\" \/>\n<meta property=\"og:type\" content=\"article\" \/>\n<meta property=\"og:title\" content=\"SPAS\u24c8 Team-Sophie Berthouzoz | Sport et Pr\u00e9vention Formation Suisse\" \/>\n<meta property=\"og:description\" content=\"SPAS\u24c8 Formatrice, Experte esa - Sport des adultes Suisse\" \/>\n<meta property=\"og:url\" content=\"https:\/\/spas-s.ch\/fr\/team-sophie-berthouzoz\/\" \/>\n<meta property=\"og:site_name\" content=\"SPAS-S Sport und Pr\u00e4vention Ausbildung Schweiz\" \/>\n<meta property=\"article:modified_time\" content=\"2023-09-14T12:03:33+00:00\" \/>\n<meta property=\"og:image\" content=\"https:\/\/spas-s.ch\/wp-content\/uploads\/bb-plugin\/cache\/Team-3-circle.jpg\" \/>\n<meta name=\"twitter:card\" content=\"summary_large_image\" \/>\n<meta name=\"twitter:label1\" content=\"Dur\u00e9e de lecture estim\u00e9e\" \/>\n\t<meta name=\"twitter:data1\" content=\"1 minute\" \/>\n<script type=\"application\/ld+json\" class=\"yoast-schema-graph\">{\"@context\":\"https:\/\/schema.org\",\"@graph\":[{\"@type\":\"WebPage\",\"@id\":\"https:\/\/spas-s.ch\/fr\/team-sophie-berthouzoz\/\",\"url\":\"https:\/\/spas-s.ch\/fr\/team-sophie-berthouzoz\/\",\"name\":\"SPAS\u24c8 Team-Sophie Berthouzoz | Sport et Pr\u00e9vention Formation Suisse\",\"isPartOf\":{\"@id\":\"https:\/\/spas-s.ch\/fr\/#website\"},\"primaryImageOfPage\":{\"@id\":\"https:\/\/spas-s.ch\/fr\/team-sophie-berthouzoz\/#primaryimage\"},\"image\":{\"@id\":\"https:\/\/spas-s.ch\/fr\/team-sophie-berthouzoz\/#primaryimage\"},\"thumbnailUrl\":\"https:\/\/spas-s.ch\/wp-content\/uploads\/bb-plugin\/cache\/Team-3-circle.jpg\",\"datePublished\":\"2021-11-26T18:09:21+00:00\",\"dateModified\":\"2023-09-14T12:03:33+00:00\",\"description\":\"SPAS\u24c8 Formatrice, Experte esa - Sport des adultes Suisse\",\"breadcrumb\":{\"@id\":\"https:\/\/spas-s.ch\/fr\/team-sophie-berthouzoz\/#breadcrumb\"},\"inLanguage\":\"fr-FR\",\"potentialAction\":[{\"@type\":\"ReadAction\",\"target\":[\"https:\/\/spas-s.ch\/fr\/team-sophie-berthouzoz\/\"]}]},{\"@type\":\"ImageObject\",\"inLanguage\":\"fr-FR\",\"@id\":\"https:\/\/spas-s.ch\/fr\/team-sophie-berthouzoz\/#primaryimage\",\"url\":\"https:\/\/spas-s.ch\/wp-content\/uploads\/bb-plugin\/cache\/Team-3-circle.jpg\",\"contentUrl\":\"https:\/\/spas-s.ch\/wp-content\/uploads\/bb-plugin\/cache\/Team-3-circle.jpg\"},{\"@type\":\"BreadcrumbList\",\"@id\":\"https:\/\/spas-s.ch\/fr\/team-sophie-berthouzoz\/#breadcrumb\",\"itemListElement\":[{\"@type\":\"ListItem\",\"position\":1,\"name\":\"Startseite\",\"item\":\"https:\/\/spas-s.ch\/fr\/\"},{\"@type\":\"ListItem\",\"position\":2,\"name\":\"Team-Sophie Berthouzoz\"}]},{\"@type\":\"WebSite\",\"@id\":\"https:\/\/spas-s.ch\/fr\/#website\",\"url\":\"https:\/\/spas-s.ch\/fr\/\",\"name\":\"SPAS-S Sport und Pr\u00e4vention Ausbildung Schweiz\",\"description\":\"Weil Bewegung Leben ist\",\"publisher\":{\"@id\":\"https:\/\/spas-s.ch\/fr\/#organization\"},\"potentialAction\":[{\"@type\":\"SearchAction\",\"target\":{\"@type\":\"EntryPoint\",\"urlTemplate\":\"https:\/\/spas-s.ch\/fr\/?s={search_term_string}\"},\"query-input\":{\"@type\":\"PropertyValueSpecification\",\"valueRequired\":true,\"valueName\":\"search_term_string\"}}],\"inLanguage\":\"fr-FR\"},{\"@type\":\"Organization\",\"@id\":\"https:\/\/spas-s.ch\/fr\/#organization\",\"name\":\"SPAS-S Sport und Pr\u00e4vention Ausbildung Schweiz\",\"alternateName\":\"SPAS-S\",\"url\":\"https:\/\/spas-s.ch\/fr\/\",\"logo\":{\"@type\":\"ImageObject\",\"inLanguage\":\"fr-FR\",\"@id\":\"https:\/\/spas-s.ch\/fr\/#\/schema\/logo\/image\/\",\"url\":\"https:\/\/spas-s.ch\/wp-content\/uploads\/SPAS-s_Logo_DE.png\",\"contentUrl\":\"https:\/\/spas-s.ch\/wp-content\/uploads\/SPAS-s_Logo_DE.png\",\"width\":144,\"height\":204,\"caption\":\"SPAS-S Sport und Pr\u00e4vention Ausbildung Schweiz\"},\"image\":{\"@id\":\"https:\/\/spas-s.ch\/fr\/#\/schema\/logo\/image\/\"}}]}<\/script>\n<!-- \/ Yoast SEO plugin. -->","yoast_head_json":{"title":"SPAS\u24c8 Team-Sophie Berthouzoz | Sport et Pr\u00e9vention Formation Suisse","description":"SPAS\u24c8 Formatrice, Experte esa - Sport des adultes Suisse","robots":{"index":"index","follow":"follow","max-snippet":"max-snippet:-1","max-image-preview":"max-image-preview:large","max-video-preview":"max-video-preview:-1"},"canonical":"https:\/\/spas-s.ch\/fr\/team-sophie-berthouzoz\/","og_locale":"fr_FR","og_type":"article","og_title":"SPAS\u24c8 Team-Sophie Berthouzoz | Sport et Pr\u00e9vention Formation Suisse","og_description":"SPAS\u24c8 Formatrice, Experte esa - Sport des adultes Suisse","og_url":"https:\/\/spas-s.ch\/fr\/team-sophie-berthouzoz\/","og_site_name":"SPAS-S Sport und Pr\u00e4vention Ausbildung Schweiz","article_modified_time":"2023-09-14T12:03:33+00:00","og_image":[{"url":"https:\/\/spas-s.ch\/wp-content\/uploads\/bb-plugin\/cache\/Team-3-circle.jpg","type":"","width":"","height":""}],"twitter_card":"summary_large_image","twitter_misc":{"Dur\u00e9e de lecture estim\u00e9e":"1 minute"},"schema":{"@context":"https:\/\/schema.org","@graph":[{"@type":"WebPage","@id":"https:\/\/spas-s.ch\/fr\/team-sophie-berthouzoz\/","url":"https:\/\/spas-s.ch\/fr\/team-sophie-berthouzoz\/","name":"SPAS\u24c8 Team-Sophie Berthouzoz | Sport et Pr\u00e9vention Formation Suisse","isPartOf":{"@id":"https:\/\/spas-s.ch\/fr\/#website"},"primaryImageOfPage":{"@id":"https:\/\/spas-s.ch\/fr\/team-sophie-berthouzoz\/#primaryimage"},"image":{"@id":"https:\/\/spas-s.ch\/fr\/team-sophie-berthouzoz\/#primaryimage"},"thumbnailUrl":"https:\/\/spas-s.ch\/wp-content\/uploads\/bb-plugin\/cache\/Team-3-circle.jpg","datePublished":"2021-11-26T18:09:21+00:00","dateModified":"2023-09-14T12:03:33+00:00","description":"SPAS\u24c8 Formatrice, Experte esa - Sport des adultes Suisse","breadcrumb":{"@id":"https:\/\/spas-s.ch\/fr\/team-sophie-berthouzoz\/#breadcrumb"},"inLanguage":"fr-FR","potentialAction":[{"@type":"ReadAction","target":["https:\/\/spas-s.ch\/fr\/team-sophie-berthouzoz\/"]}]},{"@type":"ImageObject","inLanguage":"fr-FR","@id":"https:\/\/spas-s.ch\/fr\/team-sophie-berthouzoz\/#primaryimage","url":"https:\/\/spas-s.ch\/wp-content\/uploads\/bb-plugin\/cache\/Team-3-circle.jpg","contentUrl":"https:\/\/spas-s.ch\/wp-content\/uploads\/bb-plugin\/cache\/Team-3-circle.jpg"},{"@type":"BreadcrumbList","@id":"https:\/\/spas-s.ch\/fr\/team-sophie-berthouzoz\/#breadcrumb","itemListElement":[{"@type":"ListItem","position":1,"name":"Startseite","item":"https:\/\/spas-s.ch\/fr\/"},{"@type":"ListItem","position":2,"name":"Team-Sophie Berthouzoz"}]},{"@type":"WebSite","@id":"https:\/\/spas-s.ch\/fr\/#website","url":"https:\/\/spas-s.ch\/fr\/","name":"SPAS-S Sport und Pr\u00e4vention Ausbildung Schweiz","description":"Weil Bewegung Leben ist","publisher":{"@id":"https:\/\/spas-s.ch\/fr\/#organization"},"potentialAction":[{"@type":"SearchAction","target":{"@type":"EntryPoint","urlTemplate":"https:\/\/spas-s.ch\/fr\/?s={search_term_string}"},"query-input":{"@type":"PropertyValueSpecification","valueRequired":true,"valueName":"search_term_string"}}],"inLanguage":"fr-FR"},{"@type":"Organization","@id":"https:\/\/spas-s.ch\/fr\/#organization","name":"SPAS-S Sport und Pr\u00e4vention Ausbildung Schweiz","alternateName":"SPAS-S","url":"https:\/\/spas-s.ch\/fr\/","logo":{"@type":"ImageObject","inLanguage":"fr-FR","@id":"https:\/\/spas-s.ch\/fr\/#\/schema\/logo\/image\/","url":"https:\/\/spas-s.ch\/wp-content\/uploads\/SPAS-s_Logo_DE.png","contentUrl":"https:\/\/spas-s.ch\/wp-content\/uploads\/SPAS-s_Logo_DE.png","width":144,"height":204,"caption":"SPAS-S Sport und Pr\u00e4vention Ausbildung Schweiz"},"image":{"@id":"https:\/\/spas-s.ch\/fr\/#\/schema\/logo\/image\/"}}]}},"_links":{"self":[{"href":"https:\/\/spas-s.ch\/fr\/wp-json\/wp\/v2\/pages\/2474","targetHints":{"allow":["GET"]}}],"collection":[{"href":"https:\/\/spas-s.ch\/fr\/wp-json\/wp\/v2\/pages"}],"about":[{"href":"https:\/\/spas-s.ch\/fr\/wp-json\/wp\/v2\/types\/page"}],"author":[{"embeddable":true,"href":"https:\/\/spas-s.ch\/fr\/wp-json\/wp\/v2\/users\/1"}],"replies":[{"embeddable":true,"href":"https:\/\/spas-s.ch\/fr\/wp-json\/wp\/v2\/comments?post=2474"}],"version-history":[{"count":2,"href":"https:\/\/spas-s.ch\/fr\/wp-json\/wp\/v2\/pages\/2474\/revisions"}],"predecessor-version":[{"id":3464,"href":"https:\/\/spas-s.ch\/fr\/wp-json\/wp\/v2\/pages\/2474\/revisions\/3464"}],"wp:attachment":[{"href":"https:\/\/spas-s.ch\/fr\/wp-json\/wp\/v2\/media?parent=2474"}],"curies":[{"name":"wp","href":"https:\/\/api.w.org\/{rel}","templated":true}]}}