{"id":2491,"date":"2021-11-28T18:01:28","date_gmt":"2021-11-28T17:01:28","guid":{"rendered":"https:\/\/spas-s.ch\/la-technique-alfa-de-nordic-walking\/"},"modified":"2023-03-20T16:40:26","modified_gmt":"2023-03-20T15:40:26","slug":"la-technique-alfa-de-nordic-walking","status":"publish","type":"page","link":"https:\/\/spas-s.ch\/fr\/la-technique-alfa-de-nordic-walking\/","title":{"rendered":"La technique ALFA de Nordic Walking"},"content":{"rendered":"\n<h1>\n\t\tLa technique <br \/>ALFA de<br \/>Nordic Walking\n\t<\/h1>\n<h2>\n\t\tFacile \u00e0 transmettre. Scientifiquement fond\u00e9.\n\t<\/h2>\n\t<p><strong>ALFA &#8211; Un concept de coaching<\/strong><\/p>\n<p>La technique ALFA avec la m\u00e9thode des 7 steps et des 14 exercices est un concept de coaching complet, orient\u00e9 vers les ressources. Il est unique en son genre et constitue une base pour un apprentissage facile de mouvements complexes ainsi qu&rsquo;un enseignement de haute qualit\u00e9. De par l&rsquo;interaction entre le physique et la psych\u00e9, la technique ALFA offre la possibilit\u00e9 de mettre les gens en mouvement de mani\u00e8re judicieuse et de r\u00e9soudre les blocages et les conflits dans le domaine du coaching du mouvement et du mental.<\/p>\n<p><strong>M\u00e9thode des 7 steps et des 14 exercices<\/strong><\/p>\n<p>Cette m\u00e9thode a \u00e9t\u00e9 sp\u00e9cialement con\u00e7ue pour la formation technique et sert \u00e0 enseigner la stabilit\u00e9 et l&rsquo;amplitude des mouvements. La s\u00e9rie d&rsquo;exercices sp\u00e9cialement con\u00e7ue \u00e0 cet effet renforce, mobilise et \u00e9tire le corps de la t\u00eate aux pieds.<\/p>\n<p><strong>Scientifiquement fond\u00e9<\/strong><\/p>\nLa m\u00e9thode Nordic Walking 7 steps a \u00e9t\u00e9 d\u00e9velopp\u00e9e en 2003 par le team DNV (F\u00e9d\u00e9ration allemande de Nordic Walking et de pr\u00e9vention). En 2004, les caract\u00e9ristiques du mouvement ALFA ont \u00e9t\u00e9 ajout\u00e9es. Depuis, la technique de la marche nordique s&rsquo;est affin\u00e9e et \u00e9tablie au cours de toutes ces ann\u00e9es en collaboration avec des physioth\u00e9rapeutes, des m\u00e9decins et l&rsquo;universit\u00e9 de Mainz. La reconnaissance scientifique a \u00e9t\u00e9 apport\u00e9e par des \u00e9tudes biom\u00e9caniques dirig\u00e9es par le Dr Ronald Burger, sp\u00e9cialiste en sciences du sport. Voir ses \u00e9tudes (en allemand): <a href=\"https:\/\/spas-s.ch\/wp-content\/uploads\/Studie_Dr_Ronald_Burger_neu.pdf\" target=\"_blank\" rel=\"noopener\">Dr. Ronald Burger (PDF)<\/a> et <a href=\"https:\/\/spas-s.ch\/wp-content\/uploads\/Nordic_Walking_in_der_Wissenschaft__4_2007_.pdf\" target=\"_blank\" rel=\"noopener\">Nordic Walking in der Wissenschaft (PDF)<\/a>.<br \/>\nAujourd&rsquo;hui encore, la technique ALFA est la seule technique de marche nordique scientifiquement prouv\u00e9e et est transmise avec succ\u00e8s par de nombreux instructeurs\u00b7trice en Suisse et en Europe.\n<p><strong>Technique ALFA 7 steps 14 exercices &#8211; un concept dans quatre disciplines sportives<\/strong><\/p>\n<p>Nous avons depuis longtemps adapt\u00e9 le concept ALFA, qui a \u00e9t\u00e9 d\u00e9velopp\u00e9 autrefois pour la discipline Nordic Walking, \u00e0 d&rsquo;autres disciplines sportives et nous les enseignons en Nordic Walking, en ski de fond, en course \u00e0 pied et en cyclisme.<\/p>\n\t\t\t\t<img decoding=\"async\" src=\"https:\/\/spas-s.ch\/wp-content\/uploads\/bb-plugin\/cache\/Alfa_Technik-1-square.jpg\" alt=\"Spas-s ALFA-Technik\" title=\"Spas-s_ALFA-Technik\" itemprop=\"image\"  \/>\n<h2>\n\t\tALFA &#8211; Les caract\u00e9ristiques du mouvement de la technique de Nordic Walking\n\t<\/h2>\n\t<p>A &#8211; Alignement \/ redressement<\/p>\n<p>L &#8211; bras Long<\/p>\n<p>F &#8211; b\u00e2ton Fonctionnel<\/p>\n<p>A &#8211; pas Adapt\u00e9<\/p>\n<h2>\n\t\tA est l&rsquo;abr\u00e9viation de: Alignement \/ redressement\n\t<\/h2>\n\tLe redressement physique \/ l&rsquo;alignement du mental:<br \/>\nL&rsquo;\u00e9nergie va toujours l\u00e0 o\u00f9 l&rsquo;on met de l&rsquo;attention. Cela signifie que le redressement physique purement fonctionnelle dans la technique ALFA a des r\u00e9percussions sur ce que l&rsquo;on appelle l&rsquo;alignement mental. C&rsquo;est dans la colonne vert\u00e9brale que tout est enregistr\u00e9. La colonne vert\u00e9brale envoie des informations dans les syst\u00e8mes du corps, du mental, des \u00e9motions et de l&rsquo;esprit qui lui sont rattach\u00e9s. Dans ce contexte, la colonne vert\u00e9brale peut \u00eatre consid\u00e9r\u00e9e comme le r\u00e9cepteur de toutes les informations mentales et \u00e9motionnelles. Pour ce redressement mental, il n&rsquo;est pas d\u00e9terminant que la personne le sache ou y croie. Si, par le redressement physique il s&rsquo;ensuit une am\u00e9lioration du mental, alors les choses tordues redeviennent droites. Cela permet, sur le plan purement physique, de r\u00e9activer le flux d&rsquo;\u00e9nergie \u00e0 travers les m\u00e9ridiens.\n\t\t\t\t<img decoding=\"async\" src=\"https:\/\/spas-s.ch\/wp-content\/uploads\/bb-plugin\/cache\/Alfa_Technik-3-circle.jpg\" alt=\"Spas-s ALFA Technik\" title=\"Alfa_Technik_Aufrechte_Haltung\" itemprop=\"image\"  \/>\n\t\t\t\t<img decoding=\"async\" src=\"https:\/\/spas-s.ch\/wp-content\/uploads\/bb-plugin\/cache\/Alfa_Technik_Langer_Arm-4-circle.jpg\" alt=\"Spas-s ALFA Technik\" title=\"Alfa_Technik_Langer_Arm\" itemprop=\"image\"  \/>\n<h2>\n\t\tL est l&rsquo;abr\u00e9viation de: bras Long\n\t<\/h2>\n\t<p>La caract\u00e9ristique de mouvement \u00ab\u00a0bras long\u00a0\u00bb permet de sortir de la zone de confort au niveau physique de mani\u00e8re ludique. Des mouvements plus importants que dans la motricit\u00e9 quotidienne apportent souvent de nouvelles connaissances. Abandonner les vieux sch\u00e9mas et emprunter de nouvelles voies. De nombreuses personnes sont bloqu\u00e9es dans de vieux sch\u00e9mas et dans des habitudes qu&rsquo;elles n&rsquo;aiment pas. Le bras long du Nordic Walking peut justement aider \u00e0 emprunter de nouvelles voies. Puisqu&rsquo;en se d\u00e9pla\u00e7ant, il indique aussi la direction \u00e0 prendre. L&rsquo;apprentissage de la technique ALFA se fait uniquement \u00e0 partir des ressources l&rsquo;apprenant. Ainsi, l&rsquo;apprentissage fonctionne par le biais de nouvelles exp\u00e9riences positives, faites par soi-m\u00eame. Le bras long aide \u00e0 avancer et d\u00e9termine la direction. Et cela peut m\u00eame \u00eatre transposable \u00e0 d&rsquo;autres situations de vie.<\/p>\n<h2>\n\t\tF est l&rsquo;abr\u00e9viation de: b\u00e2ton Fonctionnel\n\t<\/h2>\n\t<p>La longueur et l&rsquo;angle du b\u00e2ton doivent \u00eatre choisis de mani\u00e8re \u00e0 ce qu&rsquo;il soit possible de passer tr\u00e8s facilement en avant du b\u00e2ton. L&rsquo;angle du b\u00e2ton, associ\u00e9 \u00e0 la bonne longueur du b\u00e2ton, est la base d&rsquo;une technique harmonieuse. La formule \u00e9prouv\u00e9e du nombril est d&rsquo;une grande aide. Le b\u00e2ton fonctionnel est cependant bien plus qu&rsquo;un simple accessoire d&rsquo;entra\u00eenement utilis\u00e9 avec le bon angle. Avec une utilisation du b\u00e2ton fonctionnel et un timing optimal par rapport au travail des jambes, on avance avec l\u00e9g\u00e8ret\u00e9 et dynamisme.<\/p>\n\t\t\t\t<img decoding=\"async\" src=\"https:\/\/spas-s.ch\/wp-content\/uploads\/bb-plugin\/cache\/Alfa_Technik_Flacher_Stock-1-circle.jpg\" alt=\"Spas-s ALFA Technik\" title=\"Alfa_Technik_Flacher_Stock\" itemprop=\"image\"  \/>\n\t\t\t\t<img decoding=\"async\" src=\"https:\/\/spas-s.ch\/wp-content\/uploads\/bb-plugin\/cache\/Alfa_Technik_Angepasste_Schrittlaenge-1-circle.jpg\" alt=\"Spas-s ALFA Technik\" title=\"Alfa_Technik_Angepasste_Schrittlaenge\" itemprop=\"image\"  \/>\n<h2>\n\t\tA est l&rsquo;abr\u00e9viation de: pas Adapt\u00e9\n\t<\/h2>\n\t<p>L&rsquo;\u00e9tape du pas adapt\u00e9 est le r\u00e9sultat des 3 premi\u00e8res caract\u00e9ristiques du mouvement et d\u00e9pend de leur qualit\u00e9. La complexit\u00e9 de la marche nordique et de la technique ALFA devient \u00e9vidente lorsque le bras long, avec le b\u00e2ton pos\u00e9 de mani\u00e8re fonctionnelle et la posture redress\u00e9e, guide la jambe d&rsquo;\u00e9lan oppos\u00e9e vers l&rsquo;avant. Il s&rsquo;agit d&rsquo;une part de d\u00e9rouler le pied de mani\u00e8re fonctionnelle, ce qui est toujours li\u00e9 \u00e0 un certain ancrage. D&rsquo;autre part, il s&rsquo;agit de sortir des sch\u00e9mas habituels en ce qui concerne la longueur des pas. Le travail de nos pieds et de nos jambes d\u00e9termine en grande partie notre fa\u00e7on de marcher. Marcher est li\u00e9 au fait d&rsquo;aller de l&rsquo;avant. Notre d\u00e9marche s&rsquo;est fa\u00e7onn\u00e9e en fonction de notre comportement. Pouvons-nous donc changer \u00e0 nouveau notre attitude en marchant ? Peut-\u00eatre m\u00eame l&rsquo;am\u00e9liorer ? Une fois que cette sensation est comprise et ressentie lors de la marche nordique, la plupart des Nordic Walkers \u00e9prouvent \u00e9galement une nouvelle sensation en marchant au quotidien. Ainsi, lorsque l&rsquo;amplitude des mouvements des bras et de la verticalit\u00e9 est exploit\u00e9e de mani\u00e8re optimale, la marche donne l&rsquo;impression d&rsquo;\u00eatre plus libre.<\/p>\n\n","protected":false},"excerpt":{"rendered":"<p>La technique ALFA deNordic Walking Facile \u00e0 transmettre. Scientifiquement fond\u00e9. ALFA &#8211; Un concept de coaching La technique ALFA avec la m\u00e9thode des 7 steps et des 14 exercices est&hellip;<\/p>\n","protected":false},"author":1,"featured_media":0,"parent":0,"menu_order":0,"comment_status":"closed","ping_status":"closed","template":"","meta":{"footnotes":""},"class_list":["post-2491","page","type-page","status-publish","hentry"],"yoast_head":"<!-- This site is optimized with the Yoast SEO plugin v26.6 - https:\/\/yoast.com\/wordpress\/plugins\/seo\/ -->\n<title>La technique ALFA de Nordic Walking | Sport et Pr\u00e9vention Formation Suisse<\/title>\n<meta name=\"description\" content=\"La technique ALFA de Nordic Walking avec la m\u00e9thode des 7 pas et le Top 14 des exercices est unique. Scientifiquement fond\u00e9. Facile \u00e0 transmettre.\" \/>\n<meta name=\"robots\" content=\"index, follow, max-snippet:-1, max-image-preview:large, max-video-preview:-1\" \/>\n<link rel=\"canonical\" href=\"https:\/\/spas-s.ch\/fr\/la-technique-alfa-de-nordic-walking\/\" \/>\n<meta property=\"og:locale\" content=\"fr_FR\" \/>\n<meta property=\"og:type\" content=\"article\" \/>\n<meta property=\"og:title\" content=\"La technique ALFA de Nordic Walking | Sport et Pr\u00e9vention Formation Suisse\" \/>\n<meta property=\"og:description\" content=\"La technique ALFA de Nordic Walking avec la m\u00e9thode des 7 pas et le Top 14 des exercices est unique. Scientifiquement fond\u00e9. Facile \u00e0 transmettre.\" \/>\n<meta property=\"og:url\" content=\"https:\/\/spas-s.ch\/fr\/la-technique-alfa-de-nordic-walking\/\" \/>\n<meta property=\"og:site_name\" content=\"SPAS-S Sport und Pr\u00e4vention Ausbildung Schweiz\" \/>\n<meta property=\"article:modified_time\" content=\"2023-03-20T15:40:26+00:00\" \/>\n<meta property=\"og:image\" content=\"https:\/\/spas-s.ch\/wp-content\/uploads\/bb-plugin\/cache\/Alfa_Technik-1-square.jpg\" \/>\n<meta name=\"twitter:card\" content=\"summary_large_image\" \/>\n<meta name=\"twitter:label1\" content=\"Dur\u00e9e de lecture estim\u00e9e\" \/>\n\t<meta name=\"twitter:data1\" content=\"5 minutes\" \/>\n<script type=\"application\/ld+json\" class=\"yoast-schema-graph\">{\"@context\":\"https:\/\/schema.org\",\"@graph\":[{\"@type\":\"WebPage\",\"@id\":\"https:\/\/spas-s.ch\/fr\/la-technique-alfa-de-nordic-walking\/\",\"url\":\"https:\/\/spas-s.ch\/fr\/la-technique-alfa-de-nordic-walking\/\",\"name\":\"La technique ALFA de Nordic Walking | Sport et Pr\u00e9vention Formation Suisse\",\"isPartOf\":{\"@id\":\"https:\/\/spas-s.ch\/fr\/#website\"},\"primaryImageOfPage\":{\"@id\":\"https:\/\/spas-s.ch\/fr\/la-technique-alfa-de-nordic-walking\/#primaryimage\"},\"image\":{\"@id\":\"https:\/\/spas-s.ch\/fr\/la-technique-alfa-de-nordic-walking\/#primaryimage\"},\"thumbnailUrl\":\"https:\/\/spas-s.ch\/wp-content\/uploads\/bb-plugin\/cache\/Alfa_Technik-1-square.jpg\",\"datePublished\":\"2021-11-28T17:01:28+00:00\",\"dateModified\":\"2023-03-20T15:40:26+00:00\",\"description\":\"La technique ALFA de Nordic Walking avec la m\u00e9thode des 7 pas et le Top 14 des exercices est unique. Scientifiquement fond\u00e9. Facile \u00e0 transmettre.\",\"breadcrumb\":{\"@id\":\"https:\/\/spas-s.ch\/fr\/la-technique-alfa-de-nordic-walking\/#breadcrumb\"},\"inLanguage\":\"fr-FR\",\"potentialAction\":[{\"@type\":\"ReadAction\",\"target\":[\"https:\/\/spas-s.ch\/fr\/la-technique-alfa-de-nordic-walking\/\"]}]},{\"@type\":\"ImageObject\",\"inLanguage\":\"fr-FR\",\"@id\":\"https:\/\/spas-s.ch\/fr\/la-technique-alfa-de-nordic-walking\/#primaryimage\",\"url\":\"https:\/\/spas-s.ch\/wp-content\/uploads\/bb-plugin\/cache\/Alfa_Technik-1-square.jpg\",\"contentUrl\":\"https:\/\/spas-s.ch\/wp-content\/uploads\/bb-plugin\/cache\/Alfa_Technik-1-square.jpg\"},{\"@type\":\"BreadcrumbList\",\"@id\":\"https:\/\/spas-s.ch\/fr\/la-technique-alfa-de-nordic-walking\/#breadcrumb\",\"itemListElement\":[{\"@type\":\"ListItem\",\"position\":1,\"name\":\"Startseite\",\"item\":\"https:\/\/spas-s.ch\/fr\/\"},{\"@type\":\"ListItem\",\"position\":2,\"name\":\"La technique ALFA de Nordic Walking\"}]},{\"@type\":\"WebSite\",\"@id\":\"https:\/\/spas-s.ch\/fr\/#website\",\"url\":\"https:\/\/spas-s.ch\/fr\/\",\"name\":\"SPAS-S Sport und Pr\u00e4vention Ausbildung Schweiz\",\"description\":\"Weil Bewegung Leben ist\",\"publisher\":{\"@id\":\"https:\/\/spas-s.ch\/fr\/#organization\"},\"potentialAction\":[{\"@type\":\"SearchAction\",\"target\":{\"@type\":\"EntryPoint\",\"urlTemplate\":\"https:\/\/spas-s.ch\/fr\/?s={search_term_string}\"},\"query-input\":{\"@type\":\"PropertyValueSpecification\",\"valueRequired\":true,\"valueName\":\"search_term_string\"}}],\"inLanguage\":\"fr-FR\"},{\"@type\":\"Organization\",\"@id\":\"https:\/\/spas-s.ch\/fr\/#organization\",\"name\":\"SPAS-S Sport und Pr\u00e4vention Ausbildung Schweiz\",\"alternateName\":\"SPAS-S\",\"url\":\"https:\/\/spas-s.ch\/fr\/\",\"logo\":{\"@type\":\"ImageObject\",\"inLanguage\":\"fr-FR\",\"@id\":\"https:\/\/spas-s.ch\/fr\/#\/schema\/logo\/image\/\",\"url\":\"https:\/\/spas-s.ch\/wp-content\/uploads\/SPAS-s_Logo_DE.png\",\"contentUrl\":\"https:\/\/spas-s.ch\/wp-content\/uploads\/SPAS-s_Logo_DE.png\",\"width\":144,\"height\":204,\"caption\":\"SPAS-S Sport und Pr\u00e4vention Ausbildung Schweiz\"},\"image\":{\"@id\":\"https:\/\/spas-s.ch\/fr\/#\/schema\/logo\/image\/\"}}]}<\/script>\n<!-- \/ Yoast SEO plugin. -->","yoast_head_json":{"title":"La technique ALFA de Nordic Walking | Sport et Pr\u00e9vention Formation Suisse","description":"La technique ALFA de Nordic Walking avec la m\u00e9thode des 7 pas et le Top 14 des exercices est unique. Scientifiquement fond\u00e9. Facile \u00e0 transmettre.","robots":{"index":"index","follow":"follow","max-snippet":"max-snippet:-1","max-image-preview":"max-image-preview:large","max-video-preview":"max-video-preview:-1"},"canonical":"https:\/\/spas-s.ch\/fr\/la-technique-alfa-de-nordic-walking\/","og_locale":"fr_FR","og_type":"article","og_title":"La technique ALFA de Nordic Walking | Sport et Pr\u00e9vention Formation Suisse","og_description":"La technique ALFA de Nordic Walking avec la m\u00e9thode des 7 pas et le Top 14 des exercices est unique. Scientifiquement fond\u00e9. Facile \u00e0 transmettre.","og_url":"https:\/\/spas-s.ch\/fr\/la-technique-alfa-de-nordic-walking\/","og_site_name":"SPAS-S Sport und Pr\u00e4vention Ausbildung Schweiz","article_modified_time":"2023-03-20T15:40:26+00:00","og_image":[{"url":"https:\/\/spas-s.ch\/wp-content\/uploads\/bb-plugin\/cache\/Alfa_Technik-1-square.jpg","type":"","width":"","height":""}],"twitter_card":"summary_large_image","twitter_misc":{"Dur\u00e9e de lecture estim\u00e9e":"5 minutes"},"schema":{"@context":"https:\/\/schema.org","@graph":[{"@type":"WebPage","@id":"https:\/\/spas-s.ch\/fr\/la-technique-alfa-de-nordic-walking\/","url":"https:\/\/spas-s.ch\/fr\/la-technique-alfa-de-nordic-walking\/","name":"La technique ALFA de Nordic Walking | Sport et Pr\u00e9vention Formation Suisse","isPartOf":{"@id":"https:\/\/spas-s.ch\/fr\/#website"},"primaryImageOfPage":{"@id":"https:\/\/spas-s.ch\/fr\/la-technique-alfa-de-nordic-walking\/#primaryimage"},"image":{"@id":"https:\/\/spas-s.ch\/fr\/la-technique-alfa-de-nordic-walking\/#primaryimage"},"thumbnailUrl":"https:\/\/spas-s.ch\/wp-content\/uploads\/bb-plugin\/cache\/Alfa_Technik-1-square.jpg","datePublished":"2021-11-28T17:01:28+00:00","dateModified":"2023-03-20T15:40:26+00:00","description":"La technique ALFA de Nordic Walking avec la m\u00e9thode des 7 pas et le Top 14 des exercices est unique. Scientifiquement fond\u00e9. Facile \u00e0 transmettre.","breadcrumb":{"@id":"https:\/\/spas-s.ch\/fr\/la-technique-alfa-de-nordic-walking\/#breadcrumb"},"inLanguage":"fr-FR","potentialAction":[{"@type":"ReadAction","target":["https:\/\/spas-s.ch\/fr\/la-technique-alfa-de-nordic-walking\/"]}]},{"@type":"ImageObject","inLanguage":"fr-FR","@id":"https:\/\/spas-s.ch\/fr\/la-technique-alfa-de-nordic-walking\/#primaryimage","url":"https:\/\/spas-s.ch\/wp-content\/uploads\/bb-plugin\/cache\/Alfa_Technik-1-square.jpg","contentUrl":"https:\/\/spas-s.ch\/wp-content\/uploads\/bb-plugin\/cache\/Alfa_Technik-1-square.jpg"},{"@type":"BreadcrumbList","@id":"https:\/\/spas-s.ch\/fr\/la-technique-alfa-de-nordic-walking\/#breadcrumb","itemListElement":[{"@type":"ListItem","position":1,"name":"Startseite","item":"https:\/\/spas-s.ch\/fr\/"},{"@type":"ListItem","position":2,"name":"La technique ALFA de Nordic Walking"}]},{"@type":"WebSite","@id":"https:\/\/spas-s.ch\/fr\/#website","url":"https:\/\/spas-s.ch\/fr\/","name":"SPAS-S Sport und Pr\u00e4vention Ausbildung Schweiz","description":"Weil Bewegung Leben ist","publisher":{"@id":"https:\/\/spas-s.ch\/fr\/#organization"},"potentialAction":[{"@type":"SearchAction","target":{"@type":"EntryPoint","urlTemplate":"https:\/\/spas-s.ch\/fr\/?s={search_term_string}"},"query-input":{"@type":"PropertyValueSpecification","valueRequired":true,"valueName":"search_term_string"}}],"inLanguage":"fr-FR"},{"@type":"Organization","@id":"https:\/\/spas-s.ch\/fr\/#organization","name":"SPAS-S Sport und Pr\u00e4vention Ausbildung Schweiz","alternateName":"SPAS-S","url":"https:\/\/spas-s.ch\/fr\/","logo":{"@type":"ImageObject","inLanguage":"fr-FR","@id":"https:\/\/spas-s.ch\/fr\/#\/schema\/logo\/image\/","url":"https:\/\/spas-s.ch\/wp-content\/uploads\/SPAS-s_Logo_DE.png","contentUrl":"https:\/\/spas-s.ch\/wp-content\/uploads\/SPAS-s_Logo_DE.png","width":144,"height":204,"caption":"SPAS-S Sport und Pr\u00e4vention Ausbildung Schweiz"},"image":{"@id":"https:\/\/spas-s.ch\/fr\/#\/schema\/logo\/image\/"}}]}},"_links":{"self":[{"href":"https:\/\/spas-s.ch\/fr\/wp-json\/wp\/v2\/pages\/2491","targetHints":{"allow":["GET"]}}],"collection":[{"href":"https:\/\/spas-s.ch\/fr\/wp-json\/wp\/v2\/pages"}],"about":[{"href":"https:\/\/spas-s.ch\/fr\/wp-json\/wp\/v2\/types\/page"}],"author":[{"embeddable":true,"href":"https:\/\/spas-s.ch\/fr\/wp-json\/wp\/v2\/users\/1"}],"replies":[{"embeddable":true,"href":"https:\/\/spas-s.ch\/fr\/wp-json\/wp\/v2\/comments?post=2491"}],"version-history":[{"count":2,"href":"https:\/\/spas-s.ch\/fr\/wp-json\/wp\/v2\/pages\/2491\/revisions"}],"predecessor-version":[{"id":3319,"href":"https:\/\/spas-s.ch\/fr\/wp-json\/wp\/v2\/pages\/2491\/revisions\/3319"}],"wp:attachment":[{"href":"https:\/\/spas-s.ch\/fr\/wp-json\/wp\/v2\/media?parent=2491"}],"curies":[{"name":"wp","href":"https:\/\/api.w.org\/{rel}","templated":true}]}}