{"id":2504,"date":"2021-12-01T12:44:14","date_gmt":"2021-12-01T11:44:14","guid":{"rendered":"https:\/\/spas-s.ch\/infos-membres\/"},"modified":"2022-02-10T11:49:22","modified_gmt":"2022-02-10T10:49:22","slug":"infos-membres","status":"publish","type":"page","link":"https:\/\/spas-s.ch\/fr\/infos-membres\/","title":{"rendered":"Infos membres"},"content":{"rendered":"\n<h1>\n\t\tInformations pour les membres de SPAS<sup>\u24c8<\/sup>\n\t<\/h1>\n\t\t\t<a href=\"https:\/\/spas-s.ch\/fr\/contact\/\" target=\"_self\" rel=\"noopener\">\n\t\t\t\t\t\t\t\tContact\t\t\t\t\t\t\t\n\t\t\t\t\t\t<\/a>\n\t\t\t\t<a href=\"https:\/\/spas-s.ch\/wp-content\/uploads\/SPAS-s_Logo_DE_RGB.png\" target=\"_blank\" rel=\"noopener\" itemprop=\"url\">\n\t\t\t\t<img decoding=\"async\" src=\"https:\/\/spas-s.ch\/wp-content\/uploads\/SPAS-s_Logo_RGB_144PXL_FR.png\" alt=\"Logo Sport &amp; Pr\u00e9vention formAtion Suisse\" title=\"SPAS-s_Logo_RGB_144PXL_FR\" itemprop=\"image\"  \/>\n\t\t\t\t\t\t<\/a>\n<h2>\n\t\tLogo de SPAS<sup>\u24c8<\/sup>\n\t<\/h2>\n\t<p><strong>Directives d&rsquo;utilisation du logo Sport Pr\u00e9vention FormAtion Suisse SPAS<sup>\u24c8<\/sup><\/strong><\/p>\n\t<p>Tous les membres de SPAS<sup>\u24c8<\/sup> peuvent utiliser le logo de SPAS<sup>\u24c8 <\/sup>\u00e0 leurs propres fins. Le t\u00e9l\u00e9chargement du logo SPAS<sup>\u24c8<\/sup> implique l&rsquo;acceptation des conditions suivantes pour l&rsquo;utilisation du logo. <a href=\"https:\/\/spas-s.ch\/wp-content\/uploads\/SPAS-s_Logo_RGB_weisser-Rand_FR.png\" target=\"_blank\" rel=\"noopener\">T\u00e9l\u00e9charger le logo<\/a><\/p>\n\t\t\t\t\t\t<h3 tabindex=\"0\">Conditions d&rsquo;utilisation du logo de SPAS<sup>\u24c8<\/sup><\/h3>\n\t\t\t<p>1. Le logo SPAS<sup>\u24c8<\/sup> est prot\u00e9g\u00e9 par les droits d&rsquo;auteur et ne peut pas \u00eatre modifi\u00e9.<\/p>\n<p>2. Seul un moniteur\u00b7trice peut utiliser le logo dans le cadre de sa propre activit\u00e9.<\/p>\n<p>3.Le moniteur\u00b7trice n&rsquo;est pas autoris\u00e9 \u00e0 permettre \u00e0 d&rsquo;autres organisations ou personnes d&rsquo;utiliser le logo de SPAS<sup>\u24c8.<\/sup> <\/p>\n<p>4. L&rsquo;utilisation du logo SPAS<sup>\u24c8<\/sup> ne doit pas donner l&rsquo;impression d&rsquo;une identification commerciale ou d&rsquo;une relation particuli\u00e8re avec SPAS<sup>\u24c8<\/sup> by TOSCATOURS.CH. En particulier, le logo de SPAS<sup>\u24c8<\/sup> ne doit pas \u00eatre utilis\u00e9 seul, ni mis en \u00e9vidence, ni d&rsquo;une mani\u00e8re qui pourrait induire en erreur sur la fonction, la signification et la propri\u00e9t\u00e9 de l&rsquo;adh\u00e9sion \u00e0 SPAS<sup>\u24c8.<\/sup><\/p>\n<p>5. Le moniteur\u00b7trice de cours est responsable vis-\u00e0-vis de SPAS<sup>\u24c8<\/sup> by TOSCATOURS.CH des dommages r\u00e9sultant d&rsquo;une utilisation du logo SPAS<sup>\u24c8<\/sup>contraire au contrat et s&rsquo;engage en particulier \u00e0 indemniser int\u00e9gralement SPAS<sup>\u24c8<\/sup> by TOSCATOURS.CH d&rsquo;\u00e9ventuelles pr\u00e9tentions de tiers que ceux-ci pourraient faire valoir suite \u00e0 l&rsquo;utilisation du logo SPAS<sup>\u24c8<\/sup>-Logos par le moniteur\u00b7trice de cours.<\/p>\n<p>6. Le pr\u00e9sent accord relatif \u00e0 l&rsquo;utilisation du logo de SPAS<sup>\u24c8<\/sup> est soumis au droit suisse. Le for exclusif pour tous les litiges entre le moniteur\u00b7trice de cours et SPAS<sup>\u24c8<\/sup> by TOSCATOURS.CH est Sissach BL.<\/p>\n<h2>\n\t\t\u00c9criture SPAS<sup>\u24c8<\/sup>\n\t<\/h2>\n\t<p>Le signe <sup>\u24c8<\/sup> (S majuscule dans un cercle vide) est un ornement typographique. Sur le clavier, le caract\u00e8re<sup>\u24c8<\/sup> peut \u00eatre cr\u00e9\u00e9 avec le code suivant:<\/p>\nClavier avec pav\u00e9 num\u00e9rique: <em><strong>touche ALT 9416<\/strong><\/em><br \/>\nClavier sans pav\u00e9 num\u00e9rique : <em><strong>24C8 Touche ALT C<\/strong><\/em>\n<p>Pour la mise en exposant, s\u00e9lectionnez le caract\u00e8re et appuyez sur les touches<em><strong> Ctrl+Shift+1<\/strong><\/em> ou utilisez la fonction de mise en exposant.<\/p>\n\t\t\t\t<a href=\"https:\/\/www.erwachsenen-sport.ch\/fr\/home.html\" target=\"_blank\" rel=\"noopener\" itemprop=\"url\">\n\t\t\t\t<img decoding=\"async\" src=\"https:\/\/spas-s.ch\/wp-content\/uploads\/large_esa_logo.png\" alt=\"Logo esa\" title=\"Logo esa\" itemprop=\"image\"  \/>\n\t\t\t\t\t\t<\/a>\n<h2>\n\t\tesa- Sport des adultes Suisse\n\t<\/h2>\n\t<p>Sport des adultes Suisse esa est un programme f\u00e9d\u00e9ral d&rsquo;encouragement du sport ax\u00e9 sur le sport de masse et de loisirs. En collaboration avec des organisations partenaires, il vise un standard de qualit\u00e9 uniforme dans la formation initiale et continue des responsables. Il s&rsquo;agit ainsi de cr\u00e9er des conditions optimales pour l&rsquo;activit\u00e9 sportive \u00e0 l&rsquo;\u00e2ge adulte, c&rsquo;est-\u00e0-dire pour les personnes \u00e2g\u00e9es de 20 ans et plus.<\/p>\n<p>L&rsquo;abr\u00e9viation esa signifie Erwachsenensport Schweiz, Sport des adultes Suisse, Sport per gli adulti Svizzera et reste donc la m\u00eame pour toutes les langues nationales.<\/p>\n<p>Plus d&rsquo;informations sous<a href=\"https:\/\/www.erwachsenen-sport.ch\/fr\/home.html\" target=\"_blank\" rel=\"noopener\"> esa<\/a>| <a href=\"https:\/\/www.erwachsenen-sport.ch\/fr\/partnerorganisationen\/downloads-.html\" target=\"_blank\" rel=\"noopener\">T\u00e9l\u00e9charger le logo<\/a><\/p>\n<h2>\n\t\tEMfit &#8211; Le label de qualit\u00e9 pour les moniteurs de cours\n\t<\/h2>\n\t<p>EMfit est un label de qualit\u00e9 pour la promotion de la sant\u00e9. Il est d\u00e9cern\u00e9 aux animateurs de cours qui proposent des cours dans les domaines de l&rsquo;activit\u00e9 physique, de l&rsquo;alimentation et de la d\u00e9tente. En tant que membre de SPAS<sup>\u24c8<\/sup> , vous pouvez vous <a href=\"https:\/\/www.mefit.ch\/pour-les-animateurs-de-cours\/enregistrement.las\" target=\"_blank\" rel=\"noopener\">inscrire<\/a> sur EMfit. Profitez de cette possibilit\u00e9 de pouvoir vous positionner sur le march\u00e9 avec ce label de qualit\u00e9 en plus de l&rsquo;esa.<\/p>\n<p>Plus d&rsquo;informations sous <a href=\"https:\/\/www.mefit.ch\" target=\"_blank\" rel=\"noopener\">EMfit<\/a> | <a href=\"https:\/\/www.mefit.ch\/pour-les-animateurs-de-cours\/logo-download.las\" target=\"_blank\" rel=\"noopener\">T\u00e9l\u00e9charger le logo<\/a><\/p>\n\t\t\t\t<a href=\"https:\/\/www.mefit.ch\/\" target=\"_blank\" rel=\"noopener\" itemprop=\"url\">\n\t\t\t\t<img decoding=\"async\" src=\"https:\/\/spas-s.ch\/wp-content\/uploads\/\/Logo_EMfit_defx-300x90.png\" alt=\"Logo_EMfit\" title=\"Logo_EMfit\" itemprop=\"image\"  \/>\n\t\t\t\t\t\t<\/a>\n<h2>\n\t\tObligation de formation continue &#8211; qualit\u00e9 oblige\n\t<\/h2>\n\t<p>Pour tous les instructeurs SPAS<sup>\u24c8 <\/sup>et coachs ALFA certifi\u00e9s esa, comme pour les membres de SPAS<sup>\u24c8,<\/sup> il existe une obligation de formation continue. Tous les deux ans, il est pr\u00e9vu de suivre au moins une formation continue esa d&rsquo;une journ\u00e9e.<\/p>\n<p><strong>Votre avantage<\/strong>: avec au moins une formation continue d&rsquo;une journ\u00e9e tous les deux ans, vous conservez \u00e0 la fois la certification esa et l&rsquo;affiliation \u00e4 SPAS<sup>\u24c8<\/sup>. Il n&rsquo;est pas obligatoire de suivre une formation continue dans une discipline sportive sp\u00e9cifique. Il est simplement important que le module de formation continue suivi soit reconnu par esa, ce qui est le cas de toutes les formations continues SPAS<sup>\u24c8<\/sup>.<\/p>\n<p>&nbsp;<\/p>\n\t\t\t\t<img decoding=\"async\" src=\"https:\/\/spas-s.ch\/wp-content\/uploads\/bb-plugin\/cache\/Team-6-1-circle.jpg\" alt=\"Spas Team\" title=\"Spas Team\" itemprop=\"image\"  \/>\n<h2>\n\t\tQuels sont les sujets qui vous pr\u00e9occupent? Dans quels domaines aimeriez-vous suivre une formation continue? Comment pouvons-nous vous aider autrement? Faites-le nous savoir. \n\t<\/h2>\n\t\t\t<a href=\"https:\/\/spas-s.ch\/fr\/contact\/\" target=\"_self\" rel=\"noopener\">\n\t\t\t\t\t\t\t\tContact\t\t\t\t\t\t\t\n\t\t\t\t\t\t<\/a>\n\t\t\n","protected":false},"excerpt":{"rendered":"<p>Informations pour les membres de SPAS\u24c8 Contact Logo de SPAS\u24c8 Directives d&rsquo;utilisation du logo Sport Pr\u00e9vention FormAtion Suisse SPAS\u24c8 Tous les membres de SPAS\u24c8 peuvent utiliser le logo de SPAS\u24c8&hellip;<\/p>\n","protected":false},"author":1,"featured_media":0,"parent":0,"menu_order":0,"comment_status":"closed","ping_status":"closed","template":"","meta":{"footnotes":""},"class_list":["post-2504","page","type-page","status-publish","hentry"],"yoast_head":"<!-- This site is optimized with the Yoast SEO plugin v26.6 - https:\/\/yoast.com\/wordpress\/plugins\/seo\/ -->\n<title>Infos membres | SPAS\u24c8 Sport et Pr\u00e9vention FormAtion Suisse<\/title>\n<meta name=\"description\" content=\"Vous trouverez ici des informations pour nos membres. T\u00e9l\u00e9chargements de logos et informations utiles en tant que membre.\" \/>\n<meta name=\"robots\" content=\"index, follow, max-snippet:-1, max-image-preview:large, max-video-preview:-1\" \/>\n<link rel=\"canonical\" href=\"https:\/\/spas-s.ch\/fr\/infos-membres\/\" \/>\n<meta property=\"og:locale\" content=\"fr_FR\" \/>\n<meta property=\"og:type\" content=\"article\" \/>\n<meta property=\"og:title\" content=\"Infos membres | SPAS\u24c8 Sport et Pr\u00e9vention FormAtion Suisse\" \/>\n<meta property=\"og:description\" content=\"Vous trouverez ici des informations pour nos membres. T\u00e9l\u00e9chargements de logos et informations utiles en tant que membre.\" \/>\n<meta property=\"og:url\" content=\"https:\/\/spas-s.ch\/fr\/infos-membres\/\" \/>\n<meta property=\"og:site_name\" content=\"SPAS-S Sport und Pr\u00e4vention Ausbildung Schweiz\" \/>\n<meta property=\"article:modified_time\" content=\"2022-02-10T10:49:22+00:00\" \/>\n<meta property=\"og:image\" content=\"https:\/\/spas-s.ch\/wp-content\/uploads\/SPAS-s_Logo_RGB_144PXL_FR.png\" \/>\n<meta name=\"twitter:card\" content=\"summary_large_image\" \/>\n<meta name=\"twitter:label1\" content=\"Dur\u00e9e de lecture estim\u00e9e\" \/>\n\t<meta name=\"twitter:data1\" content=\"3 minutes\" \/>\n<script type=\"application\/ld+json\" class=\"yoast-schema-graph\">{\"@context\":\"https:\/\/schema.org\",\"@graph\":[{\"@type\":\"WebPage\",\"@id\":\"https:\/\/spas-s.ch\/fr\/infos-membres\/\",\"url\":\"https:\/\/spas-s.ch\/fr\/infos-membres\/\",\"name\":\"Infos membres | SPAS\u24c8 Sport et Pr\u00e9vention FormAtion Suisse\",\"isPartOf\":{\"@id\":\"https:\/\/spas-s.ch\/fr\/#website\"},\"primaryImageOfPage\":{\"@id\":\"https:\/\/spas-s.ch\/fr\/infos-membres\/#primaryimage\"},\"image\":{\"@id\":\"https:\/\/spas-s.ch\/fr\/infos-membres\/#primaryimage\"},\"thumbnailUrl\":\"https:\/\/spas-s.ch\/wp-content\/uploads\/SPAS-s_Logo_RGB_144PXL_FR.png\",\"datePublished\":\"2021-12-01T11:44:14+00:00\",\"dateModified\":\"2022-02-10T10:49:22+00:00\",\"description\":\"Vous trouverez ici des informations pour nos membres. T\u00e9l\u00e9chargements de logos et informations utiles en tant que membre.\",\"breadcrumb\":{\"@id\":\"https:\/\/spas-s.ch\/fr\/infos-membres\/#breadcrumb\"},\"inLanguage\":\"fr-FR\",\"potentialAction\":[{\"@type\":\"ReadAction\",\"target\":[\"https:\/\/spas-s.ch\/fr\/infos-membres\/\"]}]},{\"@type\":\"ImageObject\",\"inLanguage\":\"fr-FR\",\"@id\":\"https:\/\/spas-s.ch\/fr\/infos-membres\/#primaryimage\",\"url\":\"https:\/\/spas-s.ch\/wp-content\/uploads\/SPAS-s_Logo_RGB_144PXL_FR.png\",\"contentUrl\":\"https:\/\/spas-s.ch\/wp-content\/uploads\/SPAS-s_Logo_RGB_144PXL_FR.png\"},{\"@type\":\"BreadcrumbList\",\"@id\":\"https:\/\/spas-s.ch\/fr\/infos-membres\/#breadcrumb\",\"itemListElement\":[{\"@type\":\"ListItem\",\"position\":1,\"name\":\"Startseite\",\"item\":\"https:\/\/spas-s.ch\/fr\/\"},{\"@type\":\"ListItem\",\"position\":2,\"name\":\"Infos membres\"}]},{\"@type\":\"WebSite\",\"@id\":\"https:\/\/spas-s.ch\/fr\/#website\",\"url\":\"https:\/\/spas-s.ch\/fr\/\",\"name\":\"SPAS-S Sport und Pr\u00e4vention Ausbildung Schweiz\",\"description\":\"Weil Bewegung Leben ist\",\"publisher\":{\"@id\":\"https:\/\/spas-s.ch\/fr\/#organization\"},\"potentialAction\":[{\"@type\":\"SearchAction\",\"target\":{\"@type\":\"EntryPoint\",\"urlTemplate\":\"https:\/\/spas-s.ch\/fr\/?s={search_term_string}\"},\"query-input\":{\"@type\":\"PropertyValueSpecification\",\"valueRequired\":true,\"valueName\":\"search_term_string\"}}],\"inLanguage\":\"fr-FR\"},{\"@type\":\"Organization\",\"@id\":\"https:\/\/spas-s.ch\/fr\/#organization\",\"name\":\"SPAS-S Sport und Pr\u00e4vention Ausbildung Schweiz\",\"alternateName\":\"SPAS-S\",\"url\":\"https:\/\/spas-s.ch\/fr\/\",\"logo\":{\"@type\":\"ImageObject\",\"inLanguage\":\"fr-FR\",\"@id\":\"https:\/\/spas-s.ch\/fr\/#\/schema\/logo\/image\/\",\"url\":\"https:\/\/spas-s.ch\/wp-content\/uploads\/SPAS-s_Logo_DE.png\",\"contentUrl\":\"https:\/\/spas-s.ch\/wp-content\/uploads\/SPAS-s_Logo_DE.png\",\"width\":144,\"height\":204,\"caption\":\"SPAS-S Sport und Pr\u00e4vention Ausbildung Schweiz\"},\"image\":{\"@id\":\"https:\/\/spas-s.ch\/fr\/#\/schema\/logo\/image\/\"}}]}<\/script>\n<!-- \/ Yoast SEO plugin. -->","yoast_head_json":{"title":"Infos membres | SPAS\u24c8 Sport et Pr\u00e9vention FormAtion Suisse","description":"Vous trouverez ici des informations pour nos membres. T\u00e9l\u00e9chargements de logos et informations utiles en tant que membre.","robots":{"index":"index","follow":"follow","max-snippet":"max-snippet:-1","max-image-preview":"max-image-preview:large","max-video-preview":"max-video-preview:-1"},"canonical":"https:\/\/spas-s.ch\/fr\/infos-membres\/","og_locale":"fr_FR","og_type":"article","og_title":"Infos membres | SPAS\u24c8 Sport et Pr\u00e9vention FormAtion Suisse","og_description":"Vous trouverez ici des informations pour nos membres. T\u00e9l\u00e9chargements de logos et informations utiles en tant que membre.","og_url":"https:\/\/spas-s.ch\/fr\/infos-membres\/","og_site_name":"SPAS-S Sport und Pr\u00e4vention Ausbildung Schweiz","article_modified_time":"2022-02-10T10:49:22+00:00","og_image":[{"url":"https:\/\/spas-s.ch\/wp-content\/uploads\/SPAS-s_Logo_RGB_144PXL_FR.png","type":"","width":"","height":""}],"twitter_card":"summary_large_image","twitter_misc":{"Dur\u00e9e de lecture estim\u00e9e":"3 minutes"},"schema":{"@context":"https:\/\/schema.org","@graph":[{"@type":"WebPage","@id":"https:\/\/spas-s.ch\/fr\/infos-membres\/","url":"https:\/\/spas-s.ch\/fr\/infos-membres\/","name":"Infos membres | SPAS\u24c8 Sport et Pr\u00e9vention FormAtion Suisse","isPartOf":{"@id":"https:\/\/spas-s.ch\/fr\/#website"},"primaryImageOfPage":{"@id":"https:\/\/spas-s.ch\/fr\/infos-membres\/#primaryimage"},"image":{"@id":"https:\/\/spas-s.ch\/fr\/infos-membres\/#primaryimage"},"thumbnailUrl":"https:\/\/spas-s.ch\/wp-content\/uploads\/SPAS-s_Logo_RGB_144PXL_FR.png","datePublished":"2021-12-01T11:44:14+00:00","dateModified":"2022-02-10T10:49:22+00:00","description":"Vous trouverez ici des informations pour nos membres. T\u00e9l\u00e9chargements de logos et informations utiles en tant que membre.","breadcrumb":{"@id":"https:\/\/spas-s.ch\/fr\/infos-membres\/#breadcrumb"},"inLanguage":"fr-FR","potentialAction":[{"@type":"ReadAction","target":["https:\/\/spas-s.ch\/fr\/infos-membres\/"]}]},{"@type":"ImageObject","inLanguage":"fr-FR","@id":"https:\/\/spas-s.ch\/fr\/infos-membres\/#primaryimage","url":"https:\/\/spas-s.ch\/wp-content\/uploads\/SPAS-s_Logo_RGB_144PXL_FR.png","contentUrl":"https:\/\/spas-s.ch\/wp-content\/uploads\/SPAS-s_Logo_RGB_144PXL_FR.png"},{"@type":"BreadcrumbList","@id":"https:\/\/spas-s.ch\/fr\/infos-membres\/#breadcrumb","itemListElement":[{"@type":"ListItem","position":1,"name":"Startseite","item":"https:\/\/spas-s.ch\/fr\/"},{"@type":"ListItem","position":2,"name":"Infos membres"}]},{"@type":"WebSite","@id":"https:\/\/spas-s.ch\/fr\/#website","url":"https:\/\/spas-s.ch\/fr\/","name":"SPAS-S Sport und Pr\u00e4vention Ausbildung Schweiz","description":"Weil Bewegung Leben ist","publisher":{"@id":"https:\/\/spas-s.ch\/fr\/#organization"},"potentialAction":[{"@type":"SearchAction","target":{"@type":"EntryPoint","urlTemplate":"https:\/\/spas-s.ch\/fr\/?s={search_term_string}"},"query-input":{"@type":"PropertyValueSpecification","valueRequired":true,"valueName":"search_term_string"}}],"inLanguage":"fr-FR"},{"@type":"Organization","@id":"https:\/\/spas-s.ch\/fr\/#organization","name":"SPAS-S Sport und Pr\u00e4vention Ausbildung Schweiz","alternateName":"SPAS-S","url":"https:\/\/spas-s.ch\/fr\/","logo":{"@type":"ImageObject","inLanguage":"fr-FR","@id":"https:\/\/spas-s.ch\/fr\/#\/schema\/logo\/image\/","url":"https:\/\/spas-s.ch\/wp-content\/uploads\/SPAS-s_Logo_DE.png","contentUrl":"https:\/\/spas-s.ch\/wp-content\/uploads\/SPAS-s_Logo_DE.png","width":144,"height":204,"caption":"SPAS-S Sport und Pr\u00e4vention Ausbildung Schweiz"},"image":{"@id":"https:\/\/spas-s.ch\/fr\/#\/schema\/logo\/image\/"}}]}},"_links":{"self":[{"href":"https:\/\/spas-s.ch\/fr\/wp-json\/wp\/v2\/pages\/2504","targetHints":{"allow":["GET"]}}],"collection":[{"href":"https:\/\/spas-s.ch\/fr\/wp-json\/wp\/v2\/pages"}],"about":[{"href":"https:\/\/spas-s.ch\/fr\/wp-json\/wp\/v2\/types\/page"}],"author":[{"embeddable":true,"href":"https:\/\/spas-s.ch\/fr\/wp-json\/wp\/v2\/users\/1"}],"replies":[{"embeddable":true,"href":"https:\/\/spas-s.ch\/fr\/wp-json\/wp\/v2\/comments?post=2504"}],"version-history":[{"count":2,"href":"https:\/\/spas-s.ch\/fr\/wp-json\/wp\/v2\/pages\/2504\/revisions"}],"predecessor-version":[{"id":2739,"href":"https:\/\/spas-s.ch\/fr\/wp-json\/wp\/v2\/pages\/2504\/revisions\/2739"}],"wp:attachment":[{"href":"https:\/\/spas-s.ch\/fr\/wp-json\/wp\/v2\/media?parent=2504"}],"curies":[{"name":"wp","href":"https:\/\/api.w.org\/{rel}","templated":true}]}}